{"id":29898,"date":"2019-07-05T13:32:28","date_gmt":"2019-07-05T10:32:28","guid":{"rendered":"https:\/\/www.openhousevilnius.lt\/?page_id=29898"},"modified":"2024-05-08T11:52:58","modified_gmt":"2024-05-08T08:52:58","slug":"%d0%b2%d1%96%d0%ba%d0%b5%d0%bd%d0%b4-%d0%b2%d1%96%d0%b4%d0%ba%d1%80%d0%b8%d1%82%d0%be%d1%97-%d0%b0%d1%80%d1%85%d1%96%d1%82%d0%b5%d0%ba%d1%82%d1%83%d1%80%d0%b8-open-house-vilnius","status":"publish","type":"page","link":"https:\/\/www.openhousevilnius.lt\/2024\/uk\/","title":{"rendered":"\u0412\u0456\u043a\u0435\u043d\u0434 \u0432\u0456\u0434\u043a\u0440\u0438\u0442\u043e\u0457 \u0430\u0440\u0445\u0456\u0442\u0435\u043a\u0442\u0443\u0440\u0438 Open House Vilnius"},"content":{"rendered":"\n<p>Open House Vilnius \u2014 \u0446\u0435 \u0444\u0435\u0441\u0442\u0438\u0432\u0430\u043b\u044c \u0432\u0456\u0434\u043a\u0440\u0438\u0442\u043e\u0457 \u0430\u0440\u0445\u0456\u0442\u0435\u043a\u0442\u0443\u0440\u0438 \u0443 \u0412\u0456\u043b\u044c\u043d\u044e\u0441\u0456, \u044f\u043a\u0438\u0439 \u0437 2015 \u0440\u043e\u043a\u0443 \u043e\u0440\u0433\u0430\u043d\u0456\u0437\u043e\u0432\u0443\u0454 \u0413\u041e \u201e\u0410\u0440\u0445\u0456\u0442\u0435\u043a\u0442\u0443\u0440\u043d\u0438\u0439 \u0444\u043e\u043d\u0434\u201c (Architekt\u016bros fondas). \u041f\u0456\u0434 \u0447\u0430\u0441 \u043f\u0440\u043e\u0432\u0435\u0434\u0435\u043d\u043d\u044f \u0444\u0435\u0441\u0442\u0438\u0432\u0430\u043b\u044e \u0441\u0432\u043e\u0457 \u0434\u0432\u0435\u0440\u0456 \u0432\u0456\u0434\u0447\u0438\u043d\u044f\u044e\u0442\u044c \u0431\u0443\u0434\u0456\u0432\u043b\u0456 \u043c\u0456\u0441\u0442\u0430, \u044f\u043a\u0456 \u0432\u0438\u0440\u0456\u0437\u043d\u044f\u044e\u0442\u044c\u0441\u044f \u044f\u043a\u0456\u0441\u0442\u044e \u0430\u0440\u0445\u0456\u0442\u0435\u043a\u0442\u0443\u0440\u0438, \u0432\u0430\u0436\u043b\u0438\u0432\u0456\u0441\u0442\u044e \u0434\u043b\u044f \u0412\u0456\u043b\u044c\u043d\u044e\u0441\u0430 \u0442\u0430 \u0439\u043e\u0433\u043e \u0433\u0440\u043e\u043c\u0430\u0434. \u0423 \u0446\u0438\u0445 \u0431\u0443\u0434\u0456\u0432\u043b\u044f\u0445 \u043f\u0440\u043e\u0432\u043e\u0434\u044f\u0442\u044c\u0441\u044f \u0435\u043a\u0441\u043a\u0443\u0440\u0441\u0456\u0457, \u044f\u043a\u0456 \u0432\u0435\u0434\u0443\u0442\u044c \u0433\u0456\u0434\u0438-\u0432\u043e\u043b\u043e\u043d\u0442\u0435\u0440\u0438, \u0430\u0440\u0445\u0456\u0442\u0435\u043a\u0442\u043e\u0440\u0438 \u0430\u0431\u043e \u0436 \u043f\u0440\u0435\u0434\u0441\u0442\u0430\u0432\u043d\u0438\u043a\u0438 \u0441\u0430\u043c\u0438\u0445 \u0431\u0443\u0434\u0456\u0432\u0435\u043b\u044c.&nbsp;<\/p>\n\n\n\n<p>\u0417 2015 \u0440\u043e\u043a\u0443 \u043f\u0440\u043e\u0454\u043a\u0442 Open House Vilnius \u0454 \u0447\u043b\u0435\u043d\u043e\u043c \u043c\u0456\u0436\u043d\u0430\u0440\u043e\u0434\u043d\u043e\u0457 \u043c\u0435\u0440\u0435\u0436\u0456 Open House Worldwide, \u0430 \u0432\u0456\u0434 2023 \u0440\u043e\u043a\u0443 \u0432\u0456\u043d \u0442\u0430\u043a\u043e\u0436 \u0434\u043e\u043b\u0443\u0447\u0438\u0432\u0441\u044f \u0456 \u0434\u043e \u0441\u043f\u0456\u043b\u044c\u043d\u043e\u0433\u043e \u043f\u0440\u043e\u0454\u043a\u0442\u0443 Open House Europe, \u0449\u043e \u043e\u0431&#8217;\u0454\u0434\u043d\u0443\u0454 \u0432 \u0441\u043e\u0431\u0456 14 \u0444\u0435\u0441\u0442\u0438\u0432\u0430\u043b\u0456\u0432 \u0432\u0456\u0434\u043a\u0440\u0438\u0442\u043e\u0457 \u0430\u0440\u0445\u0456\u0442\u0435\u043a\u0442\u0443\u0440\u0438 \u043d\u0430 \u0404\u0432\u0440\u043e\u043f\u0435\u0439\u0441\u044c\u043a\u043e\u043c\u0443 \u043a\u043e\u043d\u0442\u0438\u043d\u0435\u043d\u0442\u0456.<\/p>\n\n\n\n<p>\u0426\u044c\u043e\u0433\u043e \u0440\u043e\u043a\u0443 Open House Vilnius \u043f\u0440\u043e\u0445\u043e\u0434\u0438\u0442\u0438\u043c\u0435 <strong>18-19 \u0442\u0440\u0430\u0432\u043d\u044f<\/strong>. \u041f\u043e\u043f\u0435\u0440\u0435\u0434\u043d\u044f \u0440\u0435\u0454\u0441\u0442\u0440\u0430\u0446\u0456\u044f \u043d\u0430 \u0435\u043a\u0441\u043a\u0443\u0440\u0441\u0456\u0457 \u043d\u0435 \u043f\u043e\u0442\u0440\u0456\u0431\u043d\u0430. \u0423 \u043d\u0438\u0445 \u043c\u043e\u0436\u043d\u0430 \u0432\u0437\u044f\u0442\u0438 \u0443\u0447\u0430\u0441\u0442\u044c \u0437\u0430 \u043f\u0440\u0438\u043d\u0446\u0438\u043f\u043e\u043c \u201e\u0436\u0438\u0432\u043e\u0457\u201c \u0447\u0435\u0440\u0433\u0438.<\/p>\n\n\n\n<p><strong>\u0422\u0435\u043c\u0430 2024 \u0440\u043e\u043a\u0443 \u2013 \u041b\u044e\u0434\u0438, \u044f\u043a\u0456 \u0441\u0442\u0432\u043e\u0440\u044e\u044e\u0442\u044c \u043c\u0456\u0441\u0442\u043e<\/strong><\/p>\n\n\n\n<p>\u041b\u044e\u0434\u0438, \u044f\u043a\u0456 \u0441\u0442\u0432\u043e\u0440\u044e\u044e\u0442\u044c \u043c\u0456\u0441\u0442\u043e \u2013 \u0445\u0442\u043e \u0432\u043e\u043d\u0438? \u0426\u0435 \u044f, \u0442\u0438 \u0456 \u0432\u0441\u0456 \u043c\u0438. \u0410\u0440\u0445\u0456\u0442\u0435\u043a\u0442\u043e\u0440\u0438, \u044f\u043a\u0456 \u043f\u0440\u043e\u0435\u043a\u0442\u0443\u044e\u0442\u044c \u0431\u0443\u0434\u0456\u0432\u043b\u0456, \u0442\u0430 \u043b\u044e\u0434\u0438, \u044f\u043a\u0456 \u0432 \u043d\u0438\u0445 \u0436\u0438\u0432\u0443\u0442\u044c \u0447\u0438 \u043f\u0440\u0430\u0446\u044e\u044e\u0442\u044c. \u041c\u0438 \u0432\u0441\u0456 \u0454 \u0442\u0438\u043c\u0438 \u043b\u044e\u0434\u044c\u043c\u0438, \u044f\u043a\u0456 \u0441\u0442\u0432\u043e\u0440\u044e\u044e\u0442\u044c \u043c\u0456\u0441\u0442\u043e. \u0410\u0434\u0436\u0435 \u0430\u0440\u0445\u0456\u0442\u0435\u043a\u0442\u0443\u0440\u0430 \u2013 \u200b\u200b\u0446\u0435 \u043d\u0435 \u043b\u0438\u0448\u0435 \u0444\u0430\u0441\u0430\u0434\u0438 \u0431\u0443\u0434\u0456\u0432\u0435\u043b\u044c \u0447\u0438 \u043f\u0440\u043e\u0441\u0442\u043e\u0440\u0438, \u0446\u0435 \u0442\u0430\u043a\u043e\u0436 \u0456 \u043b\u044e\u0434\u0438, \u044f\u043a\u0456 \u0442\u0432\u043e\u0440\u044f\u0442\u044c \u0443 \u043d\u0438\u0445 \u0441\u0432\u043e\u044e \u0456\u0441\u0442\u043e\u0440\u0456\u044e, \u0430 \u0432\u043e\u0434\u043d\u043e\u0447\u0430\u0441 \u0439 \u0456\u0441\u0442\u043e\u0440\u0456\u044e \u043c\u0456\u0441\u0442\u0430.&nbsp;<\/p>\n\n\n\n<p>\u0417\u0430 \u0434\u0435\u0441\u044f\u0442\u044c \u0440\u043e\u043a\u0456\u0432 \u0441\u0432\u043e\u0454\u0457 \u0434\u0456\u044f\u043b\u044c\u043d\u043e\u0441\u0442\u0456 Open House Vilnius \u0441\u0442\u0430\u0432 \u043d\u0435\u0432\u0456\u0434\u2019\u0454\u043c\u043d\u043e\u044e \u0447\u0430\u0441\u0442\u0438\u043d\u043e\u044e \u0456\u0434\u0435\u043d\u0442\u0438\u0447\u043d\u043e\u0441\u0442\u0456 \u043c\u0456\u0441\u0442\u0430. \u0410\u0440\u0445\u0456\u0442\u0435\u043a\u0442\u0443\u0440\u0430 \u0441\u0442\u0430\u043b\u0430 \u0432\u0430\u0436\u043b\u0438\u0432\u043e\u044e \u0442\u0435\u043c\u043e\u044e \u0449\u043e\u0434\u0435\u043d\u043d\u0438\u0445 \u0434\u0438\u0441\u043a\u0443\u0441\u0456\u0439 \u0434\u043b\u044f \u0431\u0430\u0433\u0430\u0442\u044c\u043e\u0445 \u043c\u0435\u0448\u043a\u0430\u043d\u0446\u0456\u0432 \u0412\u0456\u043b\u044c\u043d\u044e\u0441\u0430. \u041e\u0434\u043d\u0438\u043c \u0456\u0437 \u043a\u0440\u0438\u0442\u0435\u0440\u0456\u0457\u0432 \u044f\u043a\u0456\u0441\u043d\u043e\u0457 \u0430\u0440\u0445\u0456\u0442\u0435\u043a\u0442\u0443\u0440\u0438 \u0454 \u0437\u0434\u0430\u0442\u043d\u0456\u0441\u0442\u044c \u0441\u0442\u0432\u043e\u0440\u044e\u0432\u0430\u0442\u0438 \u0441\u043f\u0456\u043b\u044c\u043d\u043e\u0442\u0443, \u0456 \u043c\u0438 \u0440\u0430\u0434\u0456, \u0449\u043e \u043f\u0440\u043e\u0442\u044f\u0433\u043e\u043c \u0446\u0438\u0445 \u0440\u043e\u043a\u0456\u0432 \u0441\u043f\u0440\u0438\u044f\u043b\u0438 \u043e\u0431&#8217;\u0454\u0434\u043d\u0430\u043d\u043d\u044e \u043d\u0435 \u043b\u0438\u0448\u0435 \u0442\u0438\u0445, \u0445\u0442\u043e \u0446\u0456\u043a\u0430\u0432\u0438\u0442\u044c\u0441\u044f \u0430\u0440\u0445\u0456\u0442\u0435\u043a\u0442\u0443\u0440\u043e\u044e, \u0430\u043b\u0435 \u0439 \u0442\u0438\u0445, \u0445\u0442\u043e \u0442\u0456\u043b\u044c\u043a\u0438 \u043f\u043e\u0447\u0438\u043d\u0430\u0454 \u0432\u0456\u0434\u043a\u0440\u0438\u0432\u0430\u0442\u0438 \u0457\u0457 \u0434\u043b\u044f \u0441\u0435\u0431\u0435.<\/p>\n\n\n\n<p>\u0421\u044c\u043e\u0433\u043e\u0434\u043d\u0456 Open House Vilnius \u0454 \u043f\u043b\u0430\u0442\u0444\u043e\u0440\u043c\u043e\u044e \u0434\u043b\u044f \u0434\u0438\u0441\u043a\u0443\u0441\u0456\u0439 \u043f\u0440\u043e \u044f\u043a\u0456\u0441\u043d\u0443 \u0430\u0440\u0445\u0456\u0442\u0435\u043a\u0442\u0443\u0440\u0443. \u0426\u044c\u043e\u0433\u043e \u0440\u043e\u043a\u0443 \u043c\u0438 \u0445\u043e\u0447\u0435\u043c\u043e \u0441\u0442\u0438\u043c\u0443\u043b\u044e\u0432\u0430\u0442\u0438 \u0434\u0456\u0430\u043b\u043e\u0433 \u043c\u0456\u0436 \u0430\u0440\u0445\u0456\u0442\u0435\u043a\u0442\u043e\u0440\u0430\u043c\u0438, \u044f\u043a\u0456 \u0441\u0442\u0432\u043e\u0440\u044e\u044e\u0442\u044c \u0432\u0456\u0437\u0456\u044e \u043c\u0456\u0441\u0442\u0430, \u0442\u0430 \u043b\u044e\u0434\u044c\u043c\u0438, \u044f\u043a\u0456 \u0441\u0432\u043e\u0457\u043c\u0438 \u0456\u0441\u0442\u043e\u0440\u0456\u044f\u043c\u0438 \u0441\u043f\u043e\u0432\u043d\u044e\u044e\u0442\u044c \u0457\u0457 \u0437\u043c\u0456\u0441\u0442\u043e\u043c. \u0417\u0443\u043f\u0438\u043d\u0456\u043c\u043e\u0441\u044f \u0439 \u043f\u043e\u0434\u0443\u043c\u0430\u0439\u043c\u043e \u0440\u0430\u0437\u043e\u043c, \u044f\u043a \u043a\u043e\u0436\u0435\u043d \u0437 \u043d\u0430\u0441 \u0441\u043f\u0440\u0438\u044f\u0454 \u0444\u043e\u0440\u043c\u0443\u0432\u0430\u043d\u043d\u044e \u043e\u0431\u043b\u0438\u0447\u0447\u044f \u043c\u0456\u0441\u0442\u0430. \u0412\u0456\u0434\u043a\u0440\u0438\u0439\u043c\u043e \u0434\u043b\u044f \u0441\u0435\u0431\u0435, \u0449\u043e \u043d\u0430\u043c \u0440\u043e\u0437\u043f\u043e\u0432\u0456\u0434\u0430\u0454 \u0430\u0440\u0445\u0456\u0442\u0435\u043a\u0442\u0443\u0440\u0430 \u2013 \u0443 \u0440\u0456\u0437\u043d\u0456 \u0447\u0430\u0441\u0438, \u0440\u0456\u0437\u043d\u0438\u043c \u0441\u043e\u0446\u0456\u0430\u043b\u044c\u043d\u0438\u043c \u0433\u0440\u0443\u043f\u0430\u043c. \u0406 \u0432\u0456\u0434\u0447\u0443\u0439\u043c\u043e \u0432 \u043d\u0456\u0439 \u0442\u0443 \u0441\u043f\u0456\u043b\u044c\u043d\u0456\u0441\u0442\u044c, \u0443 \u044f\u043a\u0456\u0439 \u043c\u043e\u0436\u0443\u0442\u044c \u0437\u0443\u0441\u0442\u0440\u0456\u0442\u0438\u0441\u044f \u043b\u044e\u0434\u0438 \u0442\u0430 \u0456\u0434\u0435\u0457.<\/p>\n\n\n\n<p><strong>\u041f\u0440\u043e\u0433\u0440\u0430\u043c\u0430<\/strong><\/p>\n\n\n\n<p>\u0417\u0430\u0437\u0432\u0438\u0447\u0430\u0439, \u0435\u043a\u0441\u043a\u0443\u0440\u0441\u0456\u0457 \u0432 \u0440\u0430\u043c\u043a\u0430\u0445 \u0430\u0440\u0445\u0456\u0442\u0435\u043a\u0442\u0443\u0440\u043d\u043e\u0433\u043e \u0432\u0456\u043a\u0435\u043d\u0434\u0443 \u043f\u0440\u043e\u0432\u043e\u0434\u044f\u0442\u044c\u0441\u044f \u043b\u0438\u0442\u043e\u0432\u0441\u044c\u043a\u043e\u044e \u0442\u0430 \u0430\u043d\u0433\u043b\u0456\u0439\u0441\u044c\u043a\u043e\u044e \u043c\u043e\u0432\u0430\u043c\u0438. \u041e\u0434\u043d\u0430\u043a \u0446\u044c\u043e\u0433\u043e \u0440\u043e\u043a\u0443 \u043c\u0438 \u0437\u0430\u043f\u0440\u043e\u0448\u0443\u0454\u043c\u043e \u0434\u043e \u043d\u0438\u0445 \u0442\u0430\u043a\u043e\u0436 \u0456 \u0443\u043a\u0440\u0430\u0457\u043d\u0441\u044c\u043a\u0443 \u0433\u0440\u043e\u043c\u0430\u0434\u0443 \u043c\u0456\u0441\u0442\u0430, \u0449\u043e\u0431 \u0434\u043e\u043f\u043e\u043c\u043e\u0433\u0442\u0438 \u0457\u0439 \u043a\u0440\u0430\u0449\u0435 \u043f\u043e\u0437\u043d\u0430\u0439\u043e\u043c\u0438\u0442\u0438\u0441\u044f \u0437 \u0430\u0440\u0445\u0456\u0442\u0435\u043a\u0442\u0443\u0440\u043e\u044e \u0442\u0430 \u0456\u0441\u0442\u043e\u0440\u0456\u0454\u044e \u0412\u0456\u043b\u044c\u043d\u044e\u0441\u0430. \u0415\u043a\u0441\u043a\u0443\u0440\u0441\u0456\u0457 \u0443\u043a\u0440\u0430\u0457\u043d\u0441\u044c\u043a\u043e\u044e \u043c\u043e\u0432\u043e\u044e \u0432\u0456\u0434\u0431\u0443\u0434\u0443\u0442\u044c\u0441\u044f \u0443 \u0442\u0440\u044c\u043e\u0445 \u0431\u0443\u0434\u0456\u0432\u043b\u044f\u0445.<\/p>\n\n\n\n<p>\u0414\u0435\u0442\u0430\u043b\u044c\u043d\u0443 \u0456\u043d\u0444\u043e\u0440\u043c\u0430\u0446\u0456\u044e \u043f\u0440\u043e \u0437\u0430\u0445\u0456\u0434 \u0430\u043d\u0433\u043b\u0456\u0439\u0441\u044c\u043a\u043e\u044e \u043c\u043e\u0432\u043e\u044e \u043c\u043e\u0436\u043d\u0430 \u0437\u043d\u0430\u0439\u0442\u0438 \u0437\u0430 \u043f\u043e\u0441\u0438\u043b\u0430\u043d\u043d\u044f\u043c: <a href=\"https:\/\/www.openhousevilnius.lt\/en\/\">https:\/\/www.openhousevilnius.lt\/en\/<\/a><\/p>\n\n\n\n<p>\u041d\u0438\u0436\u0447\u0435 \u043f\u043e\u0434\u0430\u043d\u043e \u043e\u0441\u043d\u043e\u0432\u043d\u0443 \u0456\u043d\u0444\u043e\u0440\u043c\u0430\u0446\u0456\u044e \u043f\u0440\u043e \u0431\u0443\u0434\u0456\u0432\u043b\u0456, \u0432 \u044f\u043a\u0438\u0445 \u043f\u0440\u043e\u0445\u043e\u0434\u0438\u0442\u0438\u043c\u0443\u0442\u044c \u0435\u043a\u0441\u043a\u0443\u0440\u0441\u0456\u0457 \u0443\u043a\u0440\u0430\u0457\u043d\u0441\u044c\u043a\u043e\u044e \u043c\u043e\u0432\u043e\u044e. \u041f\u043e\u043f\u0435\u0440\u0435\u0434\u043d\u044f \u0440\u0435\u0454\u0441\u0442\u0440\u0430\u0446\u0456\u044f \u043d\u0430 \u0446\u0456 \u0435\u043a\u0441\u043a\u0443\u0440\u0441\u0456\u0457 \u043d\u0435 \u043f\u043e\u0442\u0440\u0456\u0431\u043d\u0430. \u0423\u0447\u0430\u0441\u043d\u0438\u043a\u0438 \u0437\u0431\u0438\u0440\u0430\u044e\u0442\u044c\u0441\u044f \u0437\u0430 \u043f\u0440\u0438\u043d\u0446\u0438\u043f\u043e\u043c \u201e\u0436\u0438\u0432\u043e\u0457\u201c \u0447\u0435\u0440\u0433\u0438.<\/p>\n","protected":false},"excerpt":{"rendered":"<p>Open House Vilnius \u2014 \u0446\u0435 \u0444\u0435\u0441\u0442\u0438\u0432\u0430\u043b\u044c \u0432\u0456\u0434\u043a\u0440\u0438\u0442\u043e\u0457 \u0430\u0440\u0445\u0456\u0442\u0435\u043a\u0442\u0443\u0440\u0438 \u0443 \u0412\u0456\u043b\u044c\u043d\u044e\u0441\u0456, \u044f\u043a\u0438\u0439 \u0437 2015 \u0440\u043e\u043a\u0443 \u043e\u0440\u0433\u0430\u043d\u0456\u0437\u043e\u0432\u0443\u0454 \u0413\u041e \u201e\u0410\u0440\u0445\u0456\u0442\u0435\u043a\u0442\u0443\u0440\u043d\u0438\u0439 \u0444\u043e\u043d\u0434\u201c (Architekt\u016bros fondas). \u041f\u0456\u0434 \u0447\u0430\u0441 \u043f\u0440\u043e\u0432\u0435\u0434\u0435\u043d\u043d\u044f \u0444\u0435\u0441\u0442\u0438\u0432\u0430\u043b\u044e \u0441\u0432\u043e\u0457 \u0434\u0432\u0435\u0440\u0456 \u0432\u0456\u0434\u0447\u0438\u043d\u044f\u044e\u0442\u044c \u0431\u0443\u0434\u0456\u0432\u043b\u0456 \u043c\u0456\u0441\u0442\u0430, \u044f\u043a\u0456 \u0432\u0438\u0440\u0456\u0437\u043d\u044f\u044e\u0442\u044c\u0441\u044f \u044f\u043a\u0456\u0441\u0442\u044e \u0430\u0440\u0445\u0456\u0442\u0435\u043a\u0442\u0443\u0440\u0438, \u0432\u0430\u0436\u043b\u0438\u0432\u0456\u0441\u0442\u044e \u0434\u043b\u044f \u0412\u0456\u043b\u044c\u043d\u044e\u0441\u0430 \u0442\u0430 \u0439\u043e\u0433\u043e \u0433\u0440\u043e\u043c\u0430\u0434. \u0423 \u0446\u0438\u0445 \u0431\u0443\u0434\u0456\u0432\u043b\u044f\u0445 \u043f\u0440\u043e\u0432\u043e\u0434\u044f\u0442\u044c\u0441\u044f \u0435\u043a\u0441\u043a\u0443\u0440\u0441\u0456\u0457, \u044f\u043a\u0456 \u0432\u0435\u0434\u0443\u0442\u044c \u0433\u0456\u0434\u0438-\u0432\u043e\u043b\u043e\u043d\u0442\u0435\u0440\u0438, \u0430\u0440\u0445\u0456\u0442\u0435\u043a\u0442\u043e\u0440\u0438 \u0430\u0431\u043e \u0436 \u043f\u0440\u0435\u0434\u0441\u0442\u0430\u0432\u043d\u0438\u043a\u0438 \u0441\u0430\u043c\u0438\u0445 \u0431\u0443\u0434\u0456\u0432\u0435\u043b\u044c.&nbsp; \u0417 2015 [&hellip;]<\/p>\n","protected":false},"author":1,"featured_media":0,"parent":0,"menu_order":0,"comment_status":"closed","ping_status":"closed","template":"singlepage-website.php","meta":{"_acf_changed":false,"footnotes":""},"class_list":["post-29898","page","type-page","status-publish","hentry"],"acf":[],"yoast_head":"<!-- This site is optimized with the Yoast SEO plugin v26.8 - https:\/\/yoast.com\/product\/yoast-seo-wordpress\/ -->\n<title>Open House Vilnius<\/title>\n<meta name=\"description\" content=\"\u0160iemet \u201eOpen House Vilnius\u201c renginys vyksta gegu\u017e\u0117s 18\u201319 dienomis ir kvie\u010dia aplankyti 60 i\u0161skirtini\u0173 pastat\u0173 Vilniaus mieste. \u201eOpen House Vilnius\u201c \u2013 tai galimyb\u0117 pasinerti \u012f i\u0161skirtin\u0117s ir kokybi\u0161kos miesto architekt\u016bros pa\u017einimo d\u017eiaugsm\u0105. Atviros architekt\u016bros savaitgalio metu istorijas pasakoja Vilniaus pastatai, kurie \u012fprastai yra visi\u0161kai arba i\u0161 dalies neprieinami visuomenei. Ekskursijos nemokamos, renginys atviras visiems!\" \/>\n<meta name=\"robots\" content=\"index, follow, max-snippet:-1, max-image-preview:large, max-video-preview:-1\" \/>\n<link rel=\"canonical\" href=\"https:\/\/www.openhousevilnius.lt\/2024\/uk\/\" \/>\n<meta property=\"og:locale\" content=\"lt_LT\" \/>\n<meta property=\"og:type\" content=\"article\" \/>\n<meta property=\"og:title\" content=\"Open House Vilnius\" \/>\n<meta property=\"og:description\" content=\"\u0160iemet \u201eOpen House Vilnius\u201c renginys vyksta gegu\u017e\u0117s 18\u201319 dienomis ir kvie\u010dia aplankyti 60 i\u0161skirtini\u0173 pastat\u0173 Vilniaus mieste. \u201eOpen House Vilnius\u201c \u2013 tai galimyb\u0117 pasinerti \u012f i\u0161skirtin\u0117s ir kokybi\u0161kos miesto architekt\u016bros pa\u017einimo d\u017eiaugsm\u0105. Atviros architekt\u016bros savaitgalio metu istorijas pasakoja Vilniaus pastatai, kurie \u012fprastai yra visi\u0161kai arba i\u0161 dalies neprieinami visuomenei. Ekskursijos nemokamos, renginys atviras visiems!\" \/>\n<meta property=\"og:url\" content=\"https:\/\/www.openhousevilnius.lt\/2024\/uk\/\" \/>\n<meta property=\"og:site_name\" content=\"2024 m. archyvas\" \/>\n<meta property=\"article:modified_time\" content=\"2024-05-08T08:52:58+00:00\" \/>\n<meta property=\"og:image\" content=\"https:\/\/www.openhousevilnius.lt\/wp-content\/uploads\/2021\/06\/FB-page-cover2-Copy-Copy.png\" \/>\n<meta name=\"twitter:card\" content=\"summary_large_image\" \/>\n<meta name=\"twitter:label1\" content=\"Est. reading time\" \/>\n\t<meta name=\"twitter:data1\" content=\"3 minutes\" \/>\n<script type=\"application\/ld+json\" class=\"yoast-schema-graph\">{\"@context\":\"https:\/\/schema.org\",\"@graph\":[{\"@type\":\"WebPage\",\"@id\":\"https:\/\/www.openhousevilnius.lt\/2024\/uk\/\",\"url\":\"https:\/\/www.openhousevilnius.lt\/2024\/uk\/\",\"name\":\"Open House Vilnius\",\"isPartOf\":{\"@id\":\"https:\/\/www.openhousevilnius.lt\/2024\/#website\"},\"datePublished\":\"2019-07-05T10:32:28+00:00\",\"dateModified\":\"2024-05-08T08:52:58+00:00\",\"description\":\"\u0160iemet \u201eOpen House Vilnius\u201c renginys vyksta gegu\u017e\u0117s 18\u201319 dienomis ir kvie\u010dia aplankyti 60 i\u0161skirtini\u0173 pastat\u0173 Vilniaus mieste. \u201eOpen House Vilnius\u201c \u2013 tai galimyb\u0117 pasinerti \u012f i\u0161skirtin\u0117s ir kokybi\u0161kos miesto architekt\u016bros pa\u017einimo d\u017eiaugsm\u0105. Atviros architekt\u016bros savaitgalio metu istorijas pasakoja Vilniaus pastatai, kurie \u012fprastai yra visi\u0161kai arba i\u0161 dalies neprieinami visuomenei. Ekskursijos nemokamos, renginys atviras visiems!\",\"breadcrumb\":{\"@id\":\"https:\/\/www.openhousevilnius.lt\/2024\/uk\/#breadcrumb\"},\"inLanguage\":\"lt-LT\",\"potentialAction\":[{\"@type\":\"ReadAction\",\"target\":[\"https:\/\/www.openhousevilnius.lt\/2024\/uk\/\"]}]},{\"@type\":\"BreadcrumbList\",\"@id\":\"https:\/\/www.openhousevilnius.lt\/2024\/uk\/#breadcrumb\",\"itemListElement\":[{\"@type\":\"ListItem\",\"position\":1,\"name\":\"Home\",\"item\":\"https:\/\/www.openhousevilnius.lt\/2024\/\"},{\"@type\":\"ListItem\",\"position\":2,\"name\":\"\u0412\u0456\u043a\u0435\u043d\u0434 \u0432\u0456\u0434\u043a\u0440\u0438\u0442\u043e\u0457 \u0430\u0440\u0445\u0456\u0442\u0435\u043a\u0442\u0443\u0440\u0438 Open House Vilnius\"}]},{\"@type\":\"WebSite\",\"@id\":\"https:\/\/www.openhousevilnius.lt\/2024\/#website\",\"url\":\"https:\/\/www.openhousevilnius.lt\/2024\/\",\"name\":\"2024 m. archyvas\",\"description\":\"Atviros architekt\u016bros savaitgalis\",\"potentialAction\":[{\"@type\":\"SearchAction\",\"target\":{\"@type\":\"EntryPoint\",\"urlTemplate\":\"https:\/\/www.openhousevilnius.lt\/2024\/?s={search_term_string}\"},\"query-input\":{\"@type\":\"PropertyValueSpecification\",\"valueRequired\":true,\"valueName\":\"search_term_string\"}}],\"inLanguage\":\"lt-LT\"}]}<\/script>\n<!-- \/ Yoast SEO plugin. -->","yoast_head_json":{"title":"Open House Vilnius","description":"\u0160iemet \u201eOpen House Vilnius\u201c renginys vyksta gegu\u017e\u0117s 18\u201319 dienomis ir kvie\u010dia aplankyti 60 i\u0161skirtini\u0173 pastat\u0173 Vilniaus mieste. \u201eOpen House Vilnius\u201c \u2013 tai galimyb\u0117 pasinerti \u012f i\u0161skirtin\u0117s ir kokybi\u0161kos miesto architekt\u016bros pa\u017einimo d\u017eiaugsm\u0105. Atviros architekt\u016bros savaitgalio metu istorijas pasakoja Vilniaus pastatai, kurie \u012fprastai yra visi\u0161kai arba i\u0161 dalies neprieinami visuomenei. Ekskursijos nemokamos, renginys atviras visiems!","robots":{"index":"index","follow":"follow","max-snippet":"max-snippet:-1","max-image-preview":"max-image-preview:large","max-video-preview":"max-video-preview:-1"},"canonical":"https:\/\/www.openhousevilnius.lt\/2024\/uk\/","og_locale":"lt_LT","og_type":"article","og_title":"Open House Vilnius","og_description":"\u0160iemet \u201eOpen House Vilnius\u201c renginys vyksta gegu\u017e\u0117s 18\u201319 dienomis ir kvie\u010dia aplankyti 60 i\u0161skirtini\u0173 pastat\u0173 Vilniaus mieste. \u201eOpen House Vilnius\u201c \u2013 tai galimyb\u0117 pasinerti \u012f i\u0161skirtin\u0117s ir kokybi\u0161kos miesto architekt\u016bros pa\u017einimo d\u017eiaugsm\u0105. Atviros architekt\u016bros savaitgalio metu istorijas pasakoja Vilniaus pastatai, kurie \u012fprastai yra visi\u0161kai arba i\u0161 dalies neprieinami visuomenei. Ekskursijos nemokamos, renginys atviras visiems!","og_url":"https:\/\/www.openhousevilnius.lt\/2024\/uk\/","og_site_name":"2024 m. archyvas","article_modified_time":"2024-05-08T08:52:58+00:00","og_image":[{"url":"https:\/\/www.openhousevilnius.lt\/wp-content\/uploads\/2021\/06\/FB-page-cover2-Copy-Copy.png","type":"","width":"","height":""}],"twitter_card":"summary_large_image","twitter_misc":{"Est. reading time":"3 minutes"},"schema":{"@context":"https:\/\/schema.org","@graph":[{"@type":"WebPage","@id":"https:\/\/www.openhousevilnius.lt\/2024\/uk\/","url":"https:\/\/www.openhousevilnius.lt\/2024\/uk\/","name":"Open House Vilnius","isPartOf":{"@id":"https:\/\/www.openhousevilnius.lt\/2024\/#website"},"datePublished":"2019-07-05T10:32:28+00:00","dateModified":"2024-05-08T08:52:58+00:00","description":"\u0160iemet \u201eOpen House Vilnius\u201c renginys vyksta gegu\u017e\u0117s 18\u201319 dienomis ir kvie\u010dia aplankyti 60 i\u0161skirtini\u0173 pastat\u0173 Vilniaus mieste. \u201eOpen House Vilnius\u201c \u2013 tai galimyb\u0117 pasinerti \u012f i\u0161skirtin\u0117s ir kokybi\u0161kos miesto architekt\u016bros pa\u017einimo d\u017eiaugsm\u0105. Atviros architekt\u016bros savaitgalio metu istorijas pasakoja Vilniaus pastatai, kurie \u012fprastai yra visi\u0161kai arba i\u0161 dalies neprieinami visuomenei. Ekskursijos nemokamos, renginys atviras visiems!","breadcrumb":{"@id":"https:\/\/www.openhousevilnius.lt\/2024\/uk\/#breadcrumb"},"inLanguage":"lt-LT","potentialAction":[{"@type":"ReadAction","target":["https:\/\/www.openhousevilnius.lt\/2024\/uk\/"]}]},{"@type":"BreadcrumbList","@id":"https:\/\/www.openhousevilnius.lt\/2024\/uk\/#breadcrumb","itemListElement":[{"@type":"ListItem","position":1,"name":"Home","item":"https:\/\/www.openhousevilnius.lt\/2024\/"},{"@type":"ListItem","position":2,"name":"\u0412\u0456\u043a\u0435\u043d\u0434 \u0432\u0456\u0434\u043a\u0440\u0438\u0442\u043e\u0457 \u0430\u0440\u0445\u0456\u0442\u0435\u043a\u0442\u0443\u0440\u0438 Open House Vilnius"}]},{"@type":"WebSite","@id":"https:\/\/www.openhousevilnius.lt\/2024\/#website","url":"https:\/\/www.openhousevilnius.lt\/2024\/","name":"2024 m. archyvas","description":"Atviros architekt\u016bros savaitgalis","potentialAction":[{"@type":"SearchAction","target":{"@type":"EntryPoint","urlTemplate":"https:\/\/www.openhousevilnius.lt\/2024\/?s={search_term_string}"},"query-input":{"@type":"PropertyValueSpecification","valueRequired":true,"valueName":"search_term_string"}}],"inLanguage":"lt-LT"}]}},"_links":{"self":[{"href":"https:\/\/www.openhousevilnius.lt\/2024\/wp-json\/wp\/v2\/pages\/29898","targetHints":{"allow":["GET"]}}],"collection":[{"href":"https:\/\/www.openhousevilnius.lt\/2024\/wp-json\/wp\/v2\/pages"}],"about":[{"href":"https:\/\/www.openhousevilnius.lt\/2024\/wp-json\/wp\/v2\/types\/page"}],"author":[{"embeddable":true,"href":"https:\/\/www.openhousevilnius.lt\/2024\/wp-json\/wp\/v2\/users\/1"}],"replies":[{"embeddable":true,"href":"https:\/\/www.openhousevilnius.lt\/2024\/wp-json\/wp\/v2\/comments?post=29898"}],"version-history":[{"count":2,"href":"https:\/\/www.openhousevilnius.lt\/2024\/wp-json\/wp\/v2\/pages\/29898\/revisions"}],"predecessor-version":[{"id":29901,"href":"https:\/\/www.openhousevilnius.lt\/2024\/wp-json\/wp\/v2\/pages\/29898\/revisions\/29901"}],"wp:attachment":[{"href":"https:\/\/www.openhousevilnius.lt\/2024\/wp-json\/wp\/v2\/media?parent=29898"}],"curies":[{"name":"wp","href":"https:\/\/api.w.org\/{rel}","templated":true}]}}