{"id":12230,"date":"2019-07-05T13:32:28","date_gmt":"2019-07-05T10:32:28","guid":{"rendered":"https:\/\/www.openhousevilnius.lt\/wp-content\/uploads\/2019\/?page_id=12230"},"modified":"2025-03-28T11:37:16","modified_gmt":"2025-03-28T09:37:16","slug":"home","status":"publish","type":"page","link":"https:\/\/www.openhousevilnius.lt\/2024\/","title":{"rendered":"Home"},"content":{"rendered":"","protected":false},"excerpt":{"rendered":"","protected":false},"author":1,"featured_media":0,"parent":0,"menu_order":0,"comment_status":"closed","ping_status":"closed","template":"home.php","meta":{"_acf_changed":false,"footnotes":""},"class_list":["post-12230","page","type-page","status-publish","hentry"],"acf":[],"yoast_head":"<!-- This site is optimized with the Yoast SEO plugin v26.8 - https:\/\/yoast.com\/product\/yoast-seo-wordpress\/ -->\n<title>Open House Vilnius<\/title>\n<meta name=\"description\" content=\"\u0160iemet \u201eOpen House Vilnius\u201c renginys vyksta gegu\u017e\u0117s 18\u201319 dienomis ir kvie\u010dia aplankyti 60 i\u0161skirtini\u0173 pastat\u0173 Vilniaus mieste. \u201eOpen House Vilnius\u201c \u2013 tai galimyb\u0117 pasinerti \u012f i\u0161skirtin\u0117s ir kokybi\u0161kos miesto architekt\u016bros pa\u017einimo d\u017eiaugsm\u0105. Atviros architekt\u016bros savaitgalio metu istorijas pasakoja Vilniaus pastatai, kurie \u012fprastai yra visi\u0161kai arba i\u0161 dalies neprieinami visuomenei. Ekskursijos nemokamos, renginys atviras visiems!\" \/>\n<meta name=\"robots\" content=\"index, follow, max-snippet:-1, max-image-preview:large, max-video-preview:-1\" \/>\n<link rel=\"canonical\" href=\"https:\/\/www.openhousevilnius.lt\/2024\/\" \/>\n<meta property=\"og:locale\" content=\"lt_LT\" \/>\n<meta property=\"og:type\" content=\"article\" \/>\n<meta property=\"og:title\" content=\"Open House Vilnius\" \/>\n<meta property=\"og:description\" content=\"\u0160iemet \u201eOpen House Vilnius\u201c renginys vyksta gegu\u017e\u0117s 18\u201319 dienomis ir kvie\u010dia aplankyti 60 i\u0161skirtini\u0173 pastat\u0173 Vilniaus mieste. \u201eOpen House Vilnius\u201c \u2013 tai galimyb\u0117 pasinerti \u012f i\u0161skirtin\u0117s ir kokybi\u0161kos miesto architekt\u016bros pa\u017einimo d\u017eiaugsm\u0105. Atviros architekt\u016bros savaitgalio metu istorijas pasakoja Vilniaus pastatai, kurie \u012fprastai yra visi\u0161kai arba i\u0161 dalies neprieinami visuomenei. Ekskursijos nemokamos, renginys atviras visiems!\" \/>\n<meta property=\"og:url\" content=\"https:\/\/www.openhousevilnius.lt\/2024\/\" \/>\n<meta property=\"og:site_name\" content=\"2024 m. archyvas\" \/>\n<meta property=\"article:modified_time\" content=\"2025-03-28T09:37:16+00:00\" \/>\n<meta property=\"og:image\" content=\"https:\/\/www.openhousevilnius.lt\/2024\/wp-content\/uploads\/sites\/21\/2024\/11\/WWW-cover-komanda.png\" \/>\n\t<meta property=\"og:image:width\" content=\"1692\" \/>\n\t<meta property=\"og:image:height\" content=\"707\" \/>\n\t<meta property=\"og:image:type\" content=\"image\/png\" \/>\n<meta name=\"twitter:card\" content=\"summary_large_image\" \/>\n<script type=\"application\/ld+json\" class=\"yoast-schema-graph\">{\"@context\":\"https:\/\/schema.org\",\"@graph\":[{\"@type\":\"WebPage\",\"@id\":\"https:\/\/www.openhousevilnius.lt\/2024\/\",\"url\":\"https:\/\/www.openhousevilnius.lt\/2024\/\",\"name\":\"Open House Vilnius\",\"isPartOf\":{\"@id\":\"https:\/\/www.openhousevilnius.lt\/2024\/#website\"},\"datePublished\":\"2019-07-05T10:32:28+00:00\",\"dateModified\":\"2025-03-28T09:37:16+00:00\",\"description\":\"\u0160iemet \u201eOpen House Vilnius\u201c renginys vyksta gegu\u017e\u0117s 18\u201319 dienomis ir kvie\u010dia aplankyti 60 i\u0161skirtini\u0173 pastat\u0173 Vilniaus mieste. \u201eOpen House Vilnius\u201c \u2013 tai galimyb\u0117 pasinerti \u012f i\u0161skirtin\u0117s ir kokybi\u0161kos miesto architekt\u016bros pa\u017einimo d\u017eiaugsm\u0105. Atviros architekt\u016bros savaitgalio metu istorijas pasakoja Vilniaus pastatai, kurie \u012fprastai yra visi\u0161kai arba i\u0161 dalies neprieinami visuomenei. Ekskursijos nemokamos, renginys atviras visiems!\",\"breadcrumb\":{\"@id\":\"https:\/\/www.openhousevilnius.lt\/2024\/#breadcrumb\"},\"inLanguage\":\"lt-LT\",\"potentialAction\":[{\"@type\":\"ReadAction\",\"target\":[\"https:\/\/www.openhousevilnius.lt\/2024\/\"]}]},{\"@type\":\"BreadcrumbList\",\"@id\":\"https:\/\/www.openhousevilnius.lt\/2024\/#breadcrumb\",\"itemListElement\":[{\"@type\":\"ListItem\",\"position\":1,\"name\":\"Home\",\"item\":\"https:\/\/www.openhousevilnius.lt\/2024\/\"},{\"@type\":\"ListItem\",\"position\":2,\"name\":\"Home\"}]},{\"@type\":\"WebSite\",\"@id\":\"https:\/\/www.openhousevilnius.lt\/2024\/#website\",\"url\":\"https:\/\/www.openhousevilnius.lt\/2024\/\",\"name\":\"2024 m. archyvas\",\"description\":\"Atviros architekt\u016bros savaitgalis\",\"potentialAction\":[{\"@type\":\"SearchAction\",\"target\":{\"@type\":\"EntryPoint\",\"urlTemplate\":\"https:\/\/www.openhousevilnius.lt\/2024\/?s={search_term_string}\"},\"query-input\":{\"@type\":\"PropertyValueSpecification\",\"valueRequired\":true,\"valueName\":\"search_term_string\"}}],\"inLanguage\":\"lt-LT\"}]}<\/script>\n<!-- \/ Yoast SEO plugin. -->","yoast_head_json":{"title":"Open House Vilnius","description":"\u0160iemet \u201eOpen House Vilnius\u201c renginys vyksta gegu\u017e\u0117s 18\u201319 dienomis ir kvie\u010dia aplankyti 60 i\u0161skirtini\u0173 pastat\u0173 Vilniaus mieste. \u201eOpen House Vilnius\u201c \u2013 tai galimyb\u0117 pasinerti \u012f i\u0161skirtin\u0117s ir kokybi\u0161kos miesto architekt\u016bros pa\u017einimo d\u017eiaugsm\u0105. Atviros architekt\u016bros savaitgalio metu istorijas pasakoja Vilniaus pastatai, kurie \u012fprastai yra visi\u0161kai arba i\u0161 dalies neprieinami visuomenei. Ekskursijos nemokamos, renginys atviras visiems!","robots":{"index":"index","follow":"follow","max-snippet":"max-snippet:-1","max-image-preview":"max-image-preview:large","max-video-preview":"max-video-preview:-1"},"canonical":"https:\/\/www.openhousevilnius.lt\/2024\/","og_locale":"lt_LT","og_type":"article","og_title":"Open House Vilnius","og_description":"\u0160iemet \u201eOpen House Vilnius\u201c renginys vyksta gegu\u017e\u0117s 18\u201319 dienomis ir kvie\u010dia aplankyti 60 i\u0161skirtini\u0173 pastat\u0173 Vilniaus mieste. \u201eOpen House Vilnius\u201c \u2013 tai galimyb\u0117 pasinerti \u012f i\u0161skirtin\u0117s ir kokybi\u0161kos miesto architekt\u016bros pa\u017einimo d\u017eiaugsm\u0105. Atviros architekt\u016bros savaitgalio metu istorijas pasakoja Vilniaus pastatai, kurie \u012fprastai yra visi\u0161kai arba i\u0161 dalies neprieinami visuomenei. Ekskursijos nemokamos, renginys atviras visiems!","og_url":"https:\/\/www.openhousevilnius.lt\/2024\/","og_site_name":"2024 m. archyvas","article_modified_time":"2025-03-28T09:37:16+00:00","og_image":[{"width":1692,"height":707,"url":"https:\/\/www.openhousevilnius.lt\/2024\/wp-content\/uploads\/sites\/21\/2024\/11\/WWW-cover-komanda.png","type":"image\/png"}],"twitter_card":"summary_large_image","schema":{"@context":"https:\/\/schema.org","@graph":[{"@type":"WebPage","@id":"https:\/\/www.openhousevilnius.lt\/2024\/","url":"https:\/\/www.openhousevilnius.lt\/2024\/","name":"Open House Vilnius","isPartOf":{"@id":"https:\/\/www.openhousevilnius.lt\/2024\/#website"},"datePublished":"2019-07-05T10:32:28+00:00","dateModified":"2025-03-28T09:37:16+00:00","description":"\u0160iemet \u201eOpen House Vilnius\u201c renginys vyksta gegu\u017e\u0117s 18\u201319 dienomis ir kvie\u010dia aplankyti 60 i\u0161skirtini\u0173 pastat\u0173 Vilniaus mieste. \u201eOpen House Vilnius\u201c \u2013 tai galimyb\u0117 pasinerti \u012f i\u0161skirtin\u0117s ir kokybi\u0161kos miesto architekt\u016bros pa\u017einimo d\u017eiaugsm\u0105. Atviros architekt\u016bros savaitgalio metu istorijas pasakoja Vilniaus pastatai, kurie \u012fprastai yra visi\u0161kai arba i\u0161 dalies neprieinami visuomenei. Ekskursijos nemokamos, renginys atviras visiems!","breadcrumb":{"@id":"https:\/\/www.openhousevilnius.lt\/2024\/#breadcrumb"},"inLanguage":"lt-LT","potentialAction":[{"@type":"ReadAction","target":["https:\/\/www.openhousevilnius.lt\/2024\/"]}]},{"@type":"BreadcrumbList","@id":"https:\/\/www.openhousevilnius.lt\/2024\/#breadcrumb","itemListElement":[{"@type":"ListItem","position":1,"name":"Home","item":"https:\/\/www.openhousevilnius.lt\/2024\/"},{"@type":"ListItem","position":2,"name":"Home"}]},{"@type":"WebSite","@id":"https:\/\/www.openhousevilnius.lt\/2024\/#website","url":"https:\/\/www.openhousevilnius.lt\/2024\/","name":"2024 m. archyvas","description":"Atviros architekt\u016bros savaitgalis","potentialAction":[{"@type":"SearchAction","target":{"@type":"EntryPoint","urlTemplate":"https:\/\/www.openhousevilnius.lt\/2024\/?s={search_term_string}"},"query-input":{"@type":"PropertyValueSpecification","valueRequired":true,"valueName":"search_term_string"}}],"inLanguage":"lt-LT"}]}},"_links":{"self":[{"href":"https:\/\/www.openhousevilnius.lt\/2024\/wp-json\/wp\/v2\/pages\/12230","targetHints":{"allow":["GET"]}}],"collection":[{"href":"https:\/\/www.openhousevilnius.lt\/2024\/wp-json\/wp\/v2\/pages"}],"about":[{"href":"https:\/\/www.openhousevilnius.lt\/2024\/wp-json\/wp\/v2\/types\/page"}],"author":[{"embeddable":true,"href":"https:\/\/www.openhousevilnius.lt\/2024\/wp-json\/wp\/v2\/users\/1"}],"replies":[{"embeddable":true,"href":"https:\/\/www.openhousevilnius.lt\/2024\/wp-json\/wp\/v2\/comments?post=12230"}],"version-history":[{"count":108,"href":"https:\/\/www.openhousevilnius.lt\/2024\/wp-json\/wp\/v2\/pages\/12230\/revisions"}],"predecessor-version":[{"id":35324,"href":"https:\/\/www.openhousevilnius.lt\/2024\/wp-json\/wp\/v2\/pages\/12230\/revisions\/35324"}],"wp:attachment":[{"href":"https:\/\/www.openhousevilnius.lt\/2024\/wp-json\/wp\/v2\/media?parent=12230"}],"curies":[{"name":"wp","href":"https:\/\/api.w.org\/{rel}","templated":true}]}}