{"id":12134,"date":"2019-07-05T12:44:01","date_gmt":"2019-07-05T09:44:01","guid":{"rendered":"https:\/\/www.openhousevilnius.lt\/wp-content\/uploads\/2019\/?page_id=12134"},"modified":"2023-04-24T12:14:37","modified_gmt":"2023-04-24T09:14:37","slug":"apie","status":"publish","type":"page","link":"https:\/\/www.openhousevilnius.lt\/2023\/apie\/","title":{"rendered":"Apie"},"content":{"rendered":"\n<h2 class=\"wp-block-heading\">\u201eOpen House Vilnius\u201d<\/h2>\n\n\n\n<p>\u201eOpen House Vilnius\u201c \u2013 tai atviros architekt\u016bros savaitgalis Vilniuje, organizuojamas \u201eArchitekt\u016bros fondo\u201c nuo 2015 m. Jo metu duris atveria miesto pastatai, pasi\u017eymintys architekt\u016bros kokybe, svarba Vilniui ir bendruomen\u0117ms. Pastatuose vyksta ekskursijos, jas veda gidai-savanoriai, j\u0173 architektai arba pastat\u0173 atstovai. \u201eOpen House Vilnius\u201c nuo 2015 m. yra tarptautinio tinklo \u201eOpen House Worldwide\u201c narys.<\/p>\n\n\n\n<h2 class=\"wp-block-heading\">Tarptautin\u0117 \u201eOpen House\u201d \u0161eima<\/h2>\n\n\n\n<p>\u201eOpen House\u201c istorija prasid\u0117jo prie\u0161 kelis de\u0161imtme\u010dius. Pirm\u0105 kart\u0105 architekt\u016bros festivalis buvo surengtas 1992 m. Londone. Renginys sulauk\u0117 didelio susidom\u0117jimo ir greitai i\u0161populiar\u0117jo visame pasaulyje. \u0160iuo metu \u201eOpen House\u201c savaitgalis kasmet organizuojamas daugiau nei keturiasde\u0161imtyje pasaulio miest\u0173: Buenos Air\u0117se, Meksike, \u010cikagoje, Lisabonoje, Taline, Gdanske, Taip\u0117juje, Seule ir kt.<\/p>\n\n\n\n<p>Visas \u201eOpen House\u201c organizacijas vienija 2010 m. \u012fkurtas tarptautinis tinklas \u201eOpen House Worldwide\u201c ir bendras tikslas \u2013 \u012ftraukti visuomen\u0119 kalb\u0117ti apie architekt\u016bros bei aplinkos kokyb\u0119, kurti i\u0161skirtin\u0119 galimyb\u0119 \u017emon\u0117ms suprasti ir mokytis apie pastatus bei erdves.<\/p>\n\n\n\n<blockquote class=\"wp-block-quote is-layout-flow wp-block-quote-is-layout-flow\">\n<p>\u201eKokybi\u0161ki pastatai ir vie\u0161osios erdv\u0117s yra neatsiejami nuo gyvybing\u0173 miest\u0173 k\u016brimo ir puosel\u0117jimo. Open House yra galimyb\u0117 pla\u010diajai visuomenei su\u017einoti daugiau, \u012fsitraukti \u012f dialog\u0105 ir kriti\u0161kai vertinti architekt\u016br\u0105\u201d <br><br><sub>\u2013 \u201eOpen House\u201c id\u0117jos sumanytoja Victoria Thornton<\/sub><\/p>\n<\/blockquote>\n\n\n\n<p>2020 m. \u201eOpen House Worldwide\u201c pirm\u0105 kart\u0105 \u012fvyko virtualiai. Festivalis nepertraukiamai truko vis\u0105 savaitgal\u012f \u2013 net 48 valandas. Jame programas pristat\u0117 daugiau nei 40 miest\u0173. \u201eOpen House Vilnius\u201c dalyvavo \u201ePaveldo\u201c kategorijoje ir tarptautinei auditorijai pristat\u0117 keturis Vilniaus v\u0117lyvojo modernizmo pavyzd\u017eius \u2013 Kompozitori\u0173 s\u0105jungos pastat\u0105 su gyvenam\u0173j\u0173 nam\u0173 kvartalu, Lietuvos kooperatyv\u0173 s\u0105jungos administracinis pastat\u0105, Lietuvos nacionalinis operos ir baleto teatr\u0105 ir Lietuvos Respublikos Seimo r\u016bmus. Pasakojimus papild\u0117 projekto \u201e\u0160okis plius miestas\u201c klipai.<\/p>\n\n\n\n<p>Daugiau informacijos apie \u201eOpen House Worldwide\u201c \u2013 <a href=\"https:\/\/www.openhouseworldwide.org\/\" target=\"_blank\" rel=\"noreferrer noopener\">www.openhouseworldwide.org<\/a><\/p>\n\n\n\n<h2 class=\"wp-block-heading\">Projekto iniciatoriai Lietuvoje<\/h2>\n\n\n\n<p>Adel\u0117 Dovydavi\u010di\u016bt\u0117, Ieva Saldauskait\u0117, Giedrius Stogis, Karolina \u0160treimikyt\u0117, Margarita Kau\u010dikait\u0117, Sandra \u0160lepikait\u0117, Vita Soltonait\u0117.<\/p>\n\n\n\n<p><\/p>\n","protected":false},"excerpt":{"rendered":"<p>\u201eOpen House Vilnius\u201d \u201eOpen House Vilnius\u201c \u2013 tai atviros architekt\u016bros savaitgalis Vilniuje, organizuojamas \u201eArchitekt\u016bros fondo\u201c nuo 2015 m. Jo metu duris atveria miesto pastatai, pasi\u017eymintys architekt\u016bros kokybe, svarba Vilniui ir bendruomen\u0117ms. Pastatuose vyksta ekskursijos, jas veda gidai-savanoriai, j\u0173 architektai arba pastat\u0173 atstovai. \u201eOpen House Vilnius\u201c nuo 2015 m. yra tarptautinio tinklo \u201eOpen House Worldwide\u201c narys. [&hellip;]<\/p>\n","protected":false},"author":1,"featured_media":12068,"parent":0,"menu_order":0,"comment_status":"closed","ping_status":"closed","template":"about.php","meta":{"_acf_changed":false,"footnotes":""},"class_list":["post-12134","page","type-page","status-publish","has-post-thumbnail","hentry"],"acf":[],"yoast_head":"<!-- This site is optimized with the Yoast SEO plugin v26.8 - https:\/\/yoast.com\/product\/yoast-seo-wordpress\/ -->\n<title>Apie<\/title>\n<meta name=\"robots\" content=\"index, follow, max-snippet:-1, max-image-preview:large, max-video-preview:-1\" \/>\n<link rel=\"canonical\" href=\"https:\/\/www.openhousevilnius.lt\/2023\/apie\/\" \/>\n<meta property=\"og:locale\" content=\"lt_LT\" \/>\n<meta property=\"og:type\" content=\"article\" \/>\n<meta property=\"og:title\" content=\"Apie\" \/>\n<meta property=\"og:description\" content=\"\u201eOpen House Vilnius\u201d \u201eOpen House Vilnius\u201c \u2013 tai atviros architekt\u016bros savaitgalis Vilniuje, organizuojamas \u201eArchitekt\u016bros fondo\u201c nuo 2015 m. Jo metu duris atveria miesto pastatai, pasi\u017eymintys architekt\u016bros kokybe, svarba Vilniui ir bendruomen\u0117ms. Pastatuose vyksta ekskursijos, jas veda gidai-savanoriai, j\u0173 architektai arba pastat\u0173 atstovai. \u201eOpen House Vilnius\u201c nuo 2015 m. yra tarptautinio tinklo \u201eOpen House Worldwide\u201c narys. [&hellip;]\" \/>\n<meta property=\"og:url\" content=\"https:\/\/www.openhousevilnius.lt\/2023\/apie\/\" \/>\n<meta property=\"og:site_name\" content=\"2023 m. archyvas\" \/>\n<meta property=\"article:modified_time\" content=\"2023-04-24T09:14:37+00:00\" \/>\n<meta property=\"og:image\" content=\"https:\/\/www.openhousevilnius.lt\/2023\/wp-content\/uploads\/sites\/20\/2019\/05\/Vilniaus-koncertu-ir-sporto-rumai_Foto_Norbert-Tukaj-e1556891454322-scaled.jpg\" \/>\n\t<meta property=\"og:image:width\" content=\"2560\" \/>\n\t<meta property=\"og:image:height\" content=\"1536\" \/>\n\t<meta property=\"og:image:type\" content=\"image\/jpeg\" \/>\n<meta name=\"twitter:card\" content=\"summary_large_image\" \/>\n<meta name=\"twitter:label1\" content=\"Est. reading time\" \/>\n\t<meta name=\"twitter:data1\" content=\"2 minutes\" \/>\n<script type=\"application\/ld+json\" class=\"yoast-schema-graph\">{\"@context\":\"https:\/\/schema.org\",\"@graph\":[{\"@type\":\"WebPage\",\"@id\":\"https:\/\/www.openhousevilnius.lt\/2023\/apie\/\",\"url\":\"https:\/\/www.openhousevilnius.lt\/2023\/apie\/\",\"name\":\"Apie\",\"isPartOf\":{\"@id\":\"https:\/\/www.openhousevilnius.lt\/2023\/#website\"},\"primaryImageOfPage\":{\"@id\":\"https:\/\/www.openhousevilnius.lt\/2023\/apie\/#primaryimage\"},\"image\":{\"@id\":\"https:\/\/www.openhousevilnius.lt\/2023\/apie\/#primaryimage\"},\"thumbnailUrl\":\"https:\/\/www.openhousevilnius.lt\/2023\/wp-content\/uploads\/sites\/20\/2019\/05\/Vilniaus-koncertu-ir-sporto-rumai_Foto_Norbert-Tukaj-e1556891454322-scaled.jpg\",\"datePublished\":\"2019-07-05T09:44:01+00:00\",\"dateModified\":\"2023-04-24T09:14:37+00:00\",\"breadcrumb\":{\"@id\":\"https:\/\/www.openhousevilnius.lt\/2023\/apie\/#breadcrumb\"},\"inLanguage\":\"lt-LT\",\"potentialAction\":[{\"@type\":\"ReadAction\",\"target\":[\"https:\/\/www.openhousevilnius.lt\/2023\/apie\/\"]}]},{\"@type\":\"ImageObject\",\"inLanguage\":\"lt-LT\",\"@id\":\"https:\/\/www.openhousevilnius.lt\/2023\/apie\/#primaryimage\",\"url\":\"https:\/\/www.openhousevilnius.lt\/2023\/wp-content\/uploads\/sites\/20\/2019\/05\/Vilniaus-koncertu-ir-sporto-rumai_Foto_Norbert-Tukaj-e1556891454322-scaled.jpg\",\"contentUrl\":\"https:\/\/www.openhousevilnius.lt\/2023\/wp-content\/uploads\/sites\/20\/2019\/05\/Vilniaus-koncertu-ir-sporto-rumai_Foto_Norbert-Tukaj-e1556891454322-scaled.jpg\",\"width\":2560,\"height\":1536},{\"@type\":\"BreadcrumbList\",\"@id\":\"https:\/\/www.openhousevilnius.lt\/2023\/apie\/#breadcrumb\",\"itemListElement\":[{\"@type\":\"ListItem\",\"position\":1,\"name\":\"Home\",\"item\":\"https:\/\/www.openhousevilnius.lt\/2023\/\"},{\"@type\":\"ListItem\",\"position\":2,\"name\":\"Apie\"}]},{\"@type\":\"WebSite\",\"@id\":\"https:\/\/www.openhousevilnius.lt\/2023\/#website\",\"url\":\"https:\/\/www.openhousevilnius.lt\/2023\/\",\"name\":\"2023 m. archyvas\",\"description\":\"Atviros architekt\u016bros savaitgalis\",\"potentialAction\":[{\"@type\":\"SearchAction\",\"target\":{\"@type\":\"EntryPoint\",\"urlTemplate\":\"https:\/\/www.openhousevilnius.lt\/2023\/?s={search_term_string}\"},\"query-input\":{\"@type\":\"PropertyValueSpecification\",\"valueRequired\":true,\"valueName\":\"search_term_string\"}}],\"inLanguage\":\"lt-LT\"}]}<\/script>\n<!-- \/ Yoast SEO plugin. -->","yoast_head_json":{"title":"Apie","robots":{"index":"index","follow":"follow","max-snippet":"max-snippet:-1","max-image-preview":"max-image-preview:large","max-video-preview":"max-video-preview:-1"},"canonical":"https:\/\/www.openhousevilnius.lt\/2023\/apie\/","og_locale":"lt_LT","og_type":"article","og_title":"Apie","og_description":"\u201eOpen House Vilnius\u201d \u201eOpen House Vilnius\u201c \u2013 tai atviros architekt\u016bros savaitgalis Vilniuje, organizuojamas \u201eArchitekt\u016bros fondo\u201c nuo 2015 m. Jo metu duris atveria miesto pastatai, pasi\u017eymintys architekt\u016bros kokybe, svarba Vilniui ir bendruomen\u0117ms. Pastatuose vyksta ekskursijos, jas veda gidai-savanoriai, j\u0173 architektai arba pastat\u0173 atstovai. \u201eOpen House Vilnius\u201c nuo 2015 m. yra tarptautinio tinklo \u201eOpen House Worldwide\u201c narys. [&hellip;]","og_url":"https:\/\/www.openhousevilnius.lt\/2023\/apie\/","og_site_name":"2023 m. archyvas","article_modified_time":"2023-04-24T09:14:37+00:00","og_image":[{"width":2560,"height":1536,"url":"https:\/\/www.openhousevilnius.lt\/2023\/wp-content\/uploads\/sites\/20\/2019\/05\/Vilniaus-koncertu-ir-sporto-rumai_Foto_Norbert-Tukaj-e1556891454322-scaled.jpg","type":"image\/jpeg"}],"twitter_card":"summary_large_image","twitter_misc":{"Est. reading time":"2 minutes"},"schema":{"@context":"https:\/\/schema.org","@graph":[{"@type":"WebPage","@id":"https:\/\/www.openhousevilnius.lt\/2023\/apie\/","url":"https:\/\/www.openhousevilnius.lt\/2023\/apie\/","name":"Apie","isPartOf":{"@id":"https:\/\/www.openhousevilnius.lt\/2023\/#website"},"primaryImageOfPage":{"@id":"https:\/\/www.openhousevilnius.lt\/2023\/apie\/#primaryimage"},"image":{"@id":"https:\/\/www.openhousevilnius.lt\/2023\/apie\/#primaryimage"},"thumbnailUrl":"https:\/\/www.openhousevilnius.lt\/2023\/wp-content\/uploads\/sites\/20\/2019\/05\/Vilniaus-koncertu-ir-sporto-rumai_Foto_Norbert-Tukaj-e1556891454322-scaled.jpg","datePublished":"2019-07-05T09:44:01+00:00","dateModified":"2023-04-24T09:14:37+00:00","breadcrumb":{"@id":"https:\/\/www.openhousevilnius.lt\/2023\/apie\/#breadcrumb"},"inLanguage":"lt-LT","potentialAction":[{"@type":"ReadAction","target":["https:\/\/www.openhousevilnius.lt\/2023\/apie\/"]}]},{"@type":"ImageObject","inLanguage":"lt-LT","@id":"https:\/\/www.openhousevilnius.lt\/2023\/apie\/#primaryimage","url":"https:\/\/www.openhousevilnius.lt\/2023\/wp-content\/uploads\/sites\/20\/2019\/05\/Vilniaus-koncertu-ir-sporto-rumai_Foto_Norbert-Tukaj-e1556891454322-scaled.jpg","contentUrl":"https:\/\/www.openhousevilnius.lt\/2023\/wp-content\/uploads\/sites\/20\/2019\/05\/Vilniaus-koncertu-ir-sporto-rumai_Foto_Norbert-Tukaj-e1556891454322-scaled.jpg","width":2560,"height":1536},{"@type":"BreadcrumbList","@id":"https:\/\/www.openhousevilnius.lt\/2023\/apie\/#breadcrumb","itemListElement":[{"@type":"ListItem","position":1,"name":"Home","item":"https:\/\/www.openhousevilnius.lt\/2023\/"},{"@type":"ListItem","position":2,"name":"Apie"}]},{"@type":"WebSite","@id":"https:\/\/www.openhousevilnius.lt\/2023\/#website","url":"https:\/\/www.openhousevilnius.lt\/2023\/","name":"2023 m. archyvas","description":"Atviros architekt\u016bros savaitgalis","potentialAction":[{"@type":"SearchAction","target":{"@type":"EntryPoint","urlTemplate":"https:\/\/www.openhousevilnius.lt\/2023\/?s={search_term_string}"},"query-input":{"@type":"PropertyValueSpecification","valueRequired":true,"valueName":"search_term_string"}}],"inLanguage":"lt-LT"}]}},"_links":{"self":[{"href":"https:\/\/www.openhousevilnius.lt\/2023\/wp-json\/wp\/v2\/pages\/12134","targetHints":{"allow":["GET"]}}],"collection":[{"href":"https:\/\/www.openhousevilnius.lt\/2023\/wp-json\/wp\/v2\/pages"}],"about":[{"href":"https:\/\/www.openhousevilnius.lt\/2023\/wp-json\/wp\/v2\/types\/page"}],"author":[{"embeddable":true,"href":"https:\/\/www.openhousevilnius.lt\/2023\/wp-json\/wp\/v2\/users\/1"}],"replies":[{"embeddable":true,"href":"https:\/\/www.openhousevilnius.lt\/2023\/wp-json\/wp\/v2\/comments?post=12134"}],"version-history":[{"count":64,"href":"https:\/\/www.openhousevilnius.lt\/2023\/wp-json\/wp\/v2\/pages\/12134\/revisions"}],"predecessor-version":[{"id":23175,"href":"https:\/\/www.openhousevilnius.lt\/2023\/wp-json\/wp\/v2\/pages\/12134\/revisions\/23175"}],"wp:featuredmedia":[{"embeddable":true,"href":"https:\/\/www.openhousevilnius.lt\/2023\/wp-json\/wp\/v2\/media\/12068"}],"wp:attachment":[{"href":"https:\/\/www.openhousevilnius.lt\/2023\/wp-json\/wp\/v2\/media?parent=12134"}],"curies":[{"name":"wp","href":"https:\/\/api.w.org\/{rel}","templated":true}]}}