{"id":16832,"date":"2019-07-05T12:44:01","date_gmt":"2019-07-05T09:44:01","guid":{"rendered":"https:\/\/www.openhousevilnius.lt\/?page_id=16832"},"modified":"2022-05-24T21:30:29","modified_gmt":"2022-05-24T18:30:29","slug":"about","status":"publish","type":"page","link":"https:\/\/www.openhousevilnius.lt\/2022\/en\/about\/","title":{"rendered":"About"},"content":{"rendered":"\n<h2 class=\"wp-block-heading\">\u201eOpen House Vilnius\u201d<\/h2>\n\n\n\n<p>Open House Vilnius, organized by the \u201cArchitekt\u016bros fondas\u201d, features open architecture weekends in Vilnius. Since 2015, architecturally important buildings open their doors to the general public and tours are led by volunteer guides, architects, or building representatives. Open House Vilnius is a member of the Open House Worldwide international network.<\/p>\n\n\n\n<h2 class=\"wp-block-heading\">International Open House family<\/h2>\n\n\n\n<p>The history of Open House began decades ago. The first festival of architecture was held in 1992 in London. The event attracted a lot of interest and quickly became popular all over the world. Open House Weekend is currently held annually in more than forty cities around the world: Buenos Aires, Mexico, Chicago, Lisbon, Tallinn, Gdansk, Taipei, Seoul and more.<\/p>\n\n\n\n<p>All Open House organizations were united in 2010. The international network Open House Worldwide was established in 2006. The common goal is to involve the public in talking about the quality of architecture and the environment, and to create a unique opportunity for people to understand and learn about buildings and spaces.<\/p>\n\n\n\n<blockquote class=\"wp-block-quote is-layout-flow wp-block-quote-is-layout-flow\"><p>\u201eQuality buildings and public spaces are inseparable from the creation and maintenance of vibrant cities. Open House is an opportunity for the general public to learn more, engage in dialogue, and critique architecture.\u201d<br><br><sub>&#8211; Victoria Thornton, was the first to conceptualize the Open House idea.<\/sub><\/p><\/blockquote>\n\n\n\n<p>Open House Worldwide took place virtually for the first time in 2020. The festival lasted uninterrupted for 48 hours throughout the weekend. It presented programs in more than 40 cities. Open House Vilnius participated in the Heritage category and presented an international audience with four examples of late modernism in Vilnius: the Composers&#8217; Union building and its residential quarter, the Lithuanian Cooperative Union administrative building, the Lithuanian National Opera and Ballet Theater and the Parliament of the Republic of Lithuania. The narratives were supplemented by clips from the project \u201eDance Plus City\u201c.<\/p>\n\n\n\n<p>For more information about Open House Worldwide, visit: <a href=\"https:\/\/www.openhouseworldwide.org\/\" target=\"_blank\" rel=\"noreferrer noopener\">www.openhouseworldwide.org<\/a><\/p>\n\n\n\n<h2 class=\"wp-block-heading\"><strong>Project initiators in Lithuania<\/strong><\/h2>\n\n\n\n<p>Adel\u0117 Dovydavi\u010di\u016bt\u0117, Ieva Saldauskait\u0117, Giedrius Stogis, Karolina \u0160treimikyt\u0117, Margarita Kau\u010dikait\u0117, Sandra \u0160lepikait\u0117, Vita Soltonait\u0117.<\/p>\n","protected":false},"excerpt":{"rendered":"<p>\u201eOpen House Vilnius\u201d Open House Vilnius, organized by the \u201cArchitekt\u016bros fondas\u201d, features open architecture weekends in Vilnius. Since 2015, architecturally important buildings open their doors to the general public and tours are led by volunteer guides, architects, or building representatives. Open House Vilnius is a member of the Open House Worldwide international network. International Open [&hellip;]<\/p>\n","protected":false},"author":1,"featured_media":12068,"parent":0,"menu_order":0,"comment_status":"closed","ping_status":"closed","template":"about.php","meta":{"_acf_changed":false,"footnotes":""},"class_list":["post-16832","page","type-page","status-publish","has-post-thumbnail","hentry"],"acf":[],"yoast_head":"<!-- This site is optimized with the Yoast SEO plugin v26.8 - https:\/\/yoast.com\/product\/yoast-seo-wordpress\/ -->\n<title>About - 2022 m. archyvas<\/title>\n<meta name=\"description\" content=\"Open House Vilnius, organized by the \u201cArchitekt\u016bros fondas\u201d, features open architecture weekends in Vilnius. Since 2015, architecturally important buildings open their doors to the general public and tours are led by volunteer guides, architects, or building representatives. Open House Vilnius is a member of the Open House Worldwide international network.\" \/>\n<meta name=\"robots\" content=\"index, follow, max-snippet:-1, max-image-preview:large, max-video-preview:-1\" \/>\n<link rel=\"canonical\" href=\"https:\/\/www.openhousevilnius.lt\/2022\/en\/about\/\" \/>\n<meta property=\"og:locale\" content=\"lt_LT\" \/>\n<meta property=\"og:type\" content=\"article\" \/>\n<meta property=\"og:title\" content=\"About - 2022 m. archyvas\" \/>\n<meta property=\"og:description\" content=\"Open House Vilnius, organized by the \u201cArchitekt\u016bros fondas\u201d, features open architecture weekends in Vilnius. Since 2015, architecturally important buildings open their doors to the general public and tours are led by volunteer guides, architects, or building representatives. Open House Vilnius is a member of the Open House Worldwide international network.\" \/>\n<meta property=\"og:url\" content=\"https:\/\/www.openhousevilnius.lt\/2022\/en\/about\/\" \/>\n<meta property=\"og:site_name\" content=\"2022 m. archyvas\" \/>\n<meta property=\"article:modified_time\" content=\"2022-05-24T18:30:29+00:00\" \/>\n<meta property=\"og:image\" content=\"https:\/\/www.openhousevilnius.lt\/2022\/wp-content\/uploads\/sites\/19\/2019\/05\/Vilniaus-koncertu-ir-sporto-rumai_Foto_Norbert-Tukaj-e1556891454322-scaled.jpg\" \/>\n\t<meta property=\"og:image:width\" content=\"2560\" \/>\n\t<meta property=\"og:image:height\" content=\"1536\" \/>\n\t<meta property=\"og:image:type\" content=\"image\/jpeg\" \/>\n<meta name=\"twitter:card\" content=\"summary_large_image\" \/>\n<meta name=\"twitter:label1\" content=\"Est. reading time\" \/>\n\t<meta name=\"twitter:data1\" content=\"2 minutes\" \/>\n<script type=\"application\/ld+json\" class=\"yoast-schema-graph\">{\"@context\":\"https:\/\/schema.org\",\"@graph\":[{\"@type\":\"WebPage\",\"@id\":\"https:\/\/www.openhousevilnius.lt\/2022\/en\/about\/\",\"url\":\"https:\/\/www.openhousevilnius.lt\/2022\/en\/about\/\",\"name\":\"About - 2022 m. archyvas\",\"isPartOf\":{\"@id\":\"https:\/\/www.openhousevilnius.lt\/2022\/#website\"},\"primaryImageOfPage\":{\"@id\":\"https:\/\/www.openhousevilnius.lt\/2022\/en\/about\/#primaryimage\"},\"image\":{\"@id\":\"https:\/\/www.openhousevilnius.lt\/2022\/en\/about\/#primaryimage\"},\"thumbnailUrl\":\"https:\/\/www.openhousevilnius.lt\/2022\/wp-content\/uploads\/sites\/19\/2019\/05\/Vilniaus-koncertu-ir-sporto-rumai_Foto_Norbert-Tukaj-e1556891454322-scaled.jpg\",\"datePublished\":\"2019-07-05T09:44:01+00:00\",\"dateModified\":\"2022-05-24T18:30:29+00:00\",\"description\":\"Open House Vilnius, organized by the \u201cArchitekt\u016bros fondas\u201d, features open architecture weekends in Vilnius. Since 2015, architecturally important buildings open their doors to the general public and tours are led by volunteer guides, architects, or building representatives. Open House Vilnius is a member of the Open House Worldwide international network.\",\"breadcrumb\":{\"@id\":\"https:\/\/www.openhousevilnius.lt\/2022\/en\/about\/#breadcrumb\"},\"inLanguage\":\"lt-LT\",\"potentialAction\":[{\"@type\":\"ReadAction\",\"target\":[\"https:\/\/www.openhousevilnius.lt\/2022\/en\/about\/\"]}]},{\"@type\":\"ImageObject\",\"inLanguage\":\"lt-LT\",\"@id\":\"https:\/\/www.openhousevilnius.lt\/2022\/en\/about\/#primaryimage\",\"url\":\"https:\/\/www.openhousevilnius.lt\/2022\/wp-content\/uploads\/sites\/19\/2019\/05\/Vilniaus-koncertu-ir-sporto-rumai_Foto_Norbert-Tukaj-e1556891454322-scaled.jpg\",\"contentUrl\":\"https:\/\/www.openhousevilnius.lt\/2022\/wp-content\/uploads\/sites\/19\/2019\/05\/Vilniaus-koncertu-ir-sporto-rumai_Foto_Norbert-Tukaj-e1556891454322-scaled.jpg\",\"width\":2560,\"height\":1536},{\"@type\":\"BreadcrumbList\",\"@id\":\"https:\/\/www.openhousevilnius.lt\/2022\/en\/about\/#breadcrumb\",\"itemListElement\":[{\"@type\":\"ListItem\",\"position\":1,\"name\":\"Home\",\"item\":\"https:\/\/www.openhousevilnius.lt\/2022\/\"},{\"@type\":\"ListItem\",\"position\":2,\"name\":\"About\"}]},{\"@type\":\"WebSite\",\"@id\":\"https:\/\/www.openhousevilnius.lt\/2022\/#website\",\"url\":\"https:\/\/www.openhousevilnius.lt\/2022\/\",\"name\":\"2022 m. archyvas\",\"description\":\"Atviros architekt\u016bros savaitgalis\",\"potentialAction\":[{\"@type\":\"SearchAction\",\"target\":{\"@type\":\"EntryPoint\",\"urlTemplate\":\"https:\/\/www.openhousevilnius.lt\/2022\/?s={search_term_string}\"},\"query-input\":{\"@type\":\"PropertyValueSpecification\",\"valueRequired\":true,\"valueName\":\"search_term_string\"}}],\"inLanguage\":\"lt-LT\"}]}<\/script>\n<!-- \/ Yoast SEO plugin. -->","yoast_head_json":{"title":"About - 2022 m. archyvas","description":"Open House Vilnius, organized by the \u201cArchitekt\u016bros fondas\u201d, features open architecture weekends in Vilnius. Since 2015, architecturally important buildings open their doors to the general public and tours are led by volunteer guides, architects, or building representatives. Open House Vilnius is a member of the Open House Worldwide international network.","robots":{"index":"index","follow":"follow","max-snippet":"max-snippet:-1","max-image-preview":"max-image-preview:large","max-video-preview":"max-video-preview:-1"},"canonical":"https:\/\/www.openhousevilnius.lt\/2022\/en\/about\/","og_locale":"lt_LT","og_type":"article","og_title":"About - 2022 m. archyvas","og_description":"Open House Vilnius, organized by the \u201cArchitekt\u016bros fondas\u201d, features open architecture weekends in Vilnius. Since 2015, architecturally important buildings open their doors to the general public and tours are led by volunteer guides, architects, or building representatives. Open House Vilnius is a member of the Open House Worldwide international network.","og_url":"https:\/\/www.openhousevilnius.lt\/2022\/en\/about\/","og_site_name":"2022 m. archyvas","article_modified_time":"2022-05-24T18:30:29+00:00","og_image":[{"width":2560,"height":1536,"url":"https:\/\/www.openhousevilnius.lt\/2022\/wp-content\/uploads\/sites\/19\/2019\/05\/Vilniaus-koncertu-ir-sporto-rumai_Foto_Norbert-Tukaj-e1556891454322-scaled.jpg","type":"image\/jpeg"}],"twitter_card":"summary_large_image","twitter_misc":{"Est. reading time":"2 minutes"},"schema":{"@context":"https:\/\/schema.org","@graph":[{"@type":"WebPage","@id":"https:\/\/www.openhousevilnius.lt\/2022\/en\/about\/","url":"https:\/\/www.openhousevilnius.lt\/2022\/en\/about\/","name":"About - 2022 m. archyvas","isPartOf":{"@id":"https:\/\/www.openhousevilnius.lt\/2022\/#website"},"primaryImageOfPage":{"@id":"https:\/\/www.openhousevilnius.lt\/2022\/en\/about\/#primaryimage"},"image":{"@id":"https:\/\/www.openhousevilnius.lt\/2022\/en\/about\/#primaryimage"},"thumbnailUrl":"https:\/\/www.openhousevilnius.lt\/2022\/wp-content\/uploads\/sites\/19\/2019\/05\/Vilniaus-koncertu-ir-sporto-rumai_Foto_Norbert-Tukaj-e1556891454322-scaled.jpg","datePublished":"2019-07-05T09:44:01+00:00","dateModified":"2022-05-24T18:30:29+00:00","description":"Open House Vilnius, organized by the \u201cArchitekt\u016bros fondas\u201d, features open architecture weekends in Vilnius. Since 2015, architecturally important buildings open their doors to the general public and tours are led by volunteer guides, architects, or building representatives. Open House Vilnius is a member of the Open House Worldwide international network.","breadcrumb":{"@id":"https:\/\/www.openhousevilnius.lt\/2022\/en\/about\/#breadcrumb"},"inLanguage":"lt-LT","potentialAction":[{"@type":"ReadAction","target":["https:\/\/www.openhousevilnius.lt\/2022\/en\/about\/"]}]},{"@type":"ImageObject","inLanguage":"lt-LT","@id":"https:\/\/www.openhousevilnius.lt\/2022\/en\/about\/#primaryimage","url":"https:\/\/www.openhousevilnius.lt\/2022\/wp-content\/uploads\/sites\/19\/2019\/05\/Vilniaus-koncertu-ir-sporto-rumai_Foto_Norbert-Tukaj-e1556891454322-scaled.jpg","contentUrl":"https:\/\/www.openhousevilnius.lt\/2022\/wp-content\/uploads\/sites\/19\/2019\/05\/Vilniaus-koncertu-ir-sporto-rumai_Foto_Norbert-Tukaj-e1556891454322-scaled.jpg","width":2560,"height":1536},{"@type":"BreadcrumbList","@id":"https:\/\/www.openhousevilnius.lt\/2022\/en\/about\/#breadcrumb","itemListElement":[{"@type":"ListItem","position":1,"name":"Home","item":"https:\/\/www.openhousevilnius.lt\/2022\/"},{"@type":"ListItem","position":2,"name":"About"}]},{"@type":"WebSite","@id":"https:\/\/www.openhousevilnius.lt\/2022\/#website","url":"https:\/\/www.openhousevilnius.lt\/2022\/","name":"2022 m. archyvas","description":"Atviros architekt\u016bros savaitgalis","potentialAction":[{"@type":"SearchAction","target":{"@type":"EntryPoint","urlTemplate":"https:\/\/www.openhousevilnius.lt\/2022\/?s={search_term_string}"},"query-input":{"@type":"PropertyValueSpecification","valueRequired":true,"valueName":"search_term_string"}}],"inLanguage":"lt-LT"}]}},"_links":{"self":[{"href":"https:\/\/www.openhousevilnius.lt\/2022\/wp-json\/wp\/v2\/pages\/16832","targetHints":{"allow":["GET"]}}],"collection":[{"href":"https:\/\/www.openhousevilnius.lt\/2022\/wp-json\/wp\/v2\/pages"}],"about":[{"href":"https:\/\/www.openhousevilnius.lt\/2022\/wp-json\/wp\/v2\/types\/page"}],"author":[{"embeddable":true,"href":"https:\/\/www.openhousevilnius.lt\/2022\/wp-json\/wp\/v2\/users\/1"}],"replies":[{"embeddable":true,"href":"https:\/\/www.openhousevilnius.lt\/2022\/wp-json\/wp\/v2\/comments?post=16832"}],"version-history":[{"count":11,"href":"https:\/\/www.openhousevilnius.lt\/2022\/wp-json\/wp\/v2\/pages\/16832\/revisions"}],"predecessor-version":[{"id":18696,"href":"https:\/\/www.openhousevilnius.lt\/2022\/wp-json\/wp\/v2\/pages\/16832\/revisions\/18696"}],"wp:featuredmedia":[{"embeddable":true,"href":"https:\/\/www.openhousevilnius.lt\/2022\/wp-json\/wp\/v2\/media\/12068"}],"wp:attachment":[{"href":"https:\/\/www.openhousevilnius.lt\/2022\/wp-json\/wp\/v2\/media?parent=16832"}],"curies":[{"name":"wp","href":"https:\/\/api.w.org\/{rel}","templated":true}]}}