{"id":19902,"date":"2017-03-17T09:26:46","date_gmt":"2017-03-17T11:26:46","guid":{"rendered":"http:\/\/www.openhousevilnius.lt\/2017\/?page_id=23"},"modified":"2017-03-17T09:26:46","modified_gmt":"2017-03-17T11:26:46","slug":"apie","status":"publish","type":"page","link":"https:\/\/www.openhousevilnius.lt\/2020\/apie\/","title":{"rendered":"Apie"},"content":{"rendered":"<p>\u201eOpen House Vilnius\u201c \u2013 tai atviros architekt\u016bros savaitgalis, Vilniuje organizuojamas nuo 2015 m. Renginio tikslas \u2013 sukurti galimyb\u0119 kiekvienam dom\u0117tis architekt\u016bra ir j\u0105 pa\u017einti.<\/p>\n<p>\u0160iemet \u201eOpen House Vilnius\u201c vyksta liepos 11\u201312 dienomis ir kvie\u010dia pasivaik\u0161\u010dioti 9 gid\u0173-savanori\u0173 vedamais ir 3 savaranki\u0161kai lankomais mar\u0161rutais. \u201eOpen House Vilnius\u201c \u2013 tai galimyb\u0117 pasinerti \u012f i\u0161skirtin\u0117s ir kokybi\u0161kos miesto architekt\u016bros pa\u017einimo nuotyk\u012f! Architekt\u016brini\u0173 pasivaik\u0161\u010diojim\u0173 savaitgalio metu istorijas pasakoja Vilniaus pastatai ir gatv\u0117s.<\/p>\n<p>Ekskursijos nemokamos, ta\u010diau \u012f gid\u0173-savanori\u0173 vedamus mar\u0161rutus b\u016btina i\u0161ankstin\u0117 registracija.<\/p>\n<p>\u201eOpen House Vilnius\u201c organizuoja savanori\u0161ka, nevyriausybin\u0117, ne pelno siekianti vie\u0161oji \u012fstaiga \u201e<a href=\"https:\/\/www.archfondas.lt\/\">Architekt\u016bros fondas<\/a>\u201c.<\/p>\n","protected":false},"excerpt":{"rendered":"<p>\u201eOpen House Vilnius\u201c \u2013 tai atviros architekt\u016bros savaitgalis, Vilniuje organizuojamas nuo 2015 m. Renginio tikslas \u2013 sukurti galimyb\u0119 kiekvienam dom\u0117tis architekt\u016bra ir j\u0105 pa\u017einti. \u0160iemet \u201eOpen House Vilnius\u201c vyksta liepos 11\u201312 dienomis ir kvie\u010dia pasivaik\u0161\u010dioti 9 gid\u0173-savanori\u0173 vedamais ir 3 savaranki\u0161kai lankomais mar\u0161rutais. \u201eOpen House Vilnius\u201c \u2013 tai galimyb\u0117 pasinerti \u012f i\u0161skirtin\u0117s ir kokybi\u0161kos miesto [&hellip;]<\/p>\n","protected":false},"author":1,"featured_media":432,"parent":0,"menu_order":0,"comment_status":"closed","ping_status":"closed","template":"about.php","meta":{"_acf_changed":false,"footnotes":""},"class_list":["post-19902","page","type-page","status-publish","has-post-thumbnail","hentry"],"acf":[],"_links":{"self":[{"href":"https:\/\/www.openhousevilnius.lt\/2020\/wp-json\/wp\/v2\/pages\/19902","targetHints":{"allow":["GET"]}}],"collection":[{"href":"https:\/\/www.openhousevilnius.lt\/2020\/wp-json\/wp\/v2\/pages"}],"about":[{"href":"https:\/\/www.openhousevilnius.lt\/2020\/wp-json\/wp\/v2\/types\/page"}],"author":[{"embeddable":true,"href":"https:\/\/www.openhousevilnius.lt\/2020\/wp-json\/wp\/v2\/users\/1"}],"replies":[{"embeddable":true,"href":"https:\/\/www.openhousevilnius.lt\/2020\/wp-json\/wp\/v2\/comments?post=19902"}],"version-history":[{"count":0,"href":"https:\/\/www.openhousevilnius.lt\/2020\/wp-json\/wp\/v2\/pages\/19902\/revisions"}],"wp:featuredmedia":[{"embeddable":true,"href":"https:\/\/www.openhousevilnius.lt\/2020\/wp-json\/wp\/v2\/media\/432"}],"wp:attachment":[{"href":"https:\/\/www.openhousevilnius.lt\/2020\/wp-json\/wp\/v2\/media?parent=19902"}],"curies":[{"name":"wp","href":"https:\/\/api.w.org\/{rel}","templated":true}]}}