{"id":31,"date":"2017-03-17T09:29:33","date_gmt":"2017-03-17T11:29:33","guid":{"rendered":"http:\/\/www.openhousevilnius.lt\/2017\/?page_id=31"},"modified":"2018-03-28T07:12:27","modified_gmt":"2018-03-28T09:12:27","slug":"prisidek","status":"publish","type":"page","link":"https:\/\/www.openhousevilnius.lt\/2017\/prisidek\/","title":{"rendered":"Prisid\u0117k"},"content":{"rendered":"<p>NUO\u0160IRD\u017dIAI D\u0116KOJAME PRISID\u0116JUSIEMS!<\/p>\n<p>Renginio vizualinis identitetas &#8211;\u00a0<a href=\"http:\/\/gnomai.lt\">Lina Marcinonyt\u0117<\/a>;<\/p>\n<p>Grafikos dizainer\u0117 &#8211; Ugn\u0117 Akstinait\u0117;<\/p>\n<p>Iliustratorius &#8211; <a href=\"http:\/\/www.strautniekas.com\">Karolis Strautniekas<\/a>;<\/p>\n<p>Internetinio puslapio programavimas &#8211; Giedr\u0117 Kavali\u016bnait\u0117.<\/p>\n","protected":false},"excerpt":{"rendered":"<p>NUO\u0160IRD\u017dIAI D\u0116KOJAME PRISID\u0116JUSIEMS! Renginio vizualinis identitetas &#8211;\u00a0Lina Marcinonyt\u0117; Grafikos dizainer\u0117 &#8211; Ugn\u0117 Akstinait\u0117; Iliustratorius &#8211; Karolis Strautniekas; Internetinio puslapio programavimas &#8211; Giedr\u0117 Kavali\u016bnait\u0117.<\/p>\n","protected":false},"author":1,"featured_media":434,"parent":0,"menu_order":0,"comment_status":"closed","ping_status":"closed","template":"contribute-2017.php","meta":{"_acf_changed":false,"footnotes":""},"class_list":["post-31","page","type-page","status-publish","has-post-thumbnail","hentry"],"acf":[],"_links":{"self":[{"href":"https:\/\/www.openhousevilnius.lt\/2017\/wp-json\/wp\/v2\/pages\/31","targetHints":{"allow":["GET"]}}],"collection":[{"href":"https:\/\/www.openhousevilnius.lt\/2017\/wp-json\/wp\/v2\/pages"}],"about":[{"href":"https:\/\/www.openhousevilnius.lt\/2017\/wp-json\/wp\/v2\/types\/page"}],"author":[{"embeddable":true,"href":"https:\/\/www.openhousevilnius.lt\/2017\/wp-json\/wp\/v2\/users\/1"}],"replies":[{"embeddable":true,"href":"https:\/\/www.openhousevilnius.lt\/2017\/wp-json\/wp\/v2\/comments?post=31"}],"version-history":[{"count":9,"href":"https:\/\/www.openhousevilnius.lt\/2017\/wp-json\/wp\/v2\/pages\/31\/revisions"}],"predecessor-version":[{"id":475,"href":"https:\/\/www.openhousevilnius.lt\/2017\/wp-json\/wp\/v2\/pages\/31\/revisions\/475"}],"wp:featuredmedia":[{"embeddable":true,"href":"https:\/\/www.openhousevilnius.lt\/2017\/wp-json\/wp\/v2\/media\/434"}],"wp:attachment":[{"href":"https:\/\/www.openhousevilnius.lt\/2017\/wp-json\/wp\/v2\/media?parent=31"}],"curies":[{"name":"wp","href":"https:\/\/api.w.org\/{rel}","templated":true}]}}