{"id":14,"date":"2015-03-16T07:53:13","date_gmt":"2015-03-16T07:53:13","guid":{"rendered":"http:\/\/www.openhousevilnius.lt\/?page_id=14"},"modified":"2015-05-01T13:54:15","modified_gmt":"2015-05-01T13:54:15","slug":"prisidek","status":"publish","type":"page","link":"https:\/\/www.openhousevilnius.lt\/2015\/?page_id=14","title":{"rendered":"Prisid\u0117k"},"content":{"rendered":"<p>NUO\u0160IRD\u017dIAI D\u0116KOJAME PRISID\u0116JUSIEMS:<\/p>\n<p><a href=\"http:\/\/gnomai.lt\">Lina Marcinonyt<\/a>\u0117\u00a0&#8211; renginio vizualinis identitetas;<\/p>\n<p><a href=\"http:\/\/www.asapolas.com\">Aurimas\u00a0\u0160apola<\/a>s &#8211; identiteto\u00a0fotografija plakatams ir filmukui;<\/p>\n<p><a href=\"http:\/\/daliakemeklyte.com\">Dalia Kemeklyt\u0117<\/a> &#8211; festivalio filmukas;<\/p>\n<p>Giedr\u0117 Kavali\u016bnait\u0117 &#8211; internetinio puslapio programavimas;<\/p>\n<p>Ernestas Kau\u0161ylas &#8211; filmuko garso takelis;<\/p>\n<p>Mykolas\u00a0Bendorius, Regina Stonyt\u0117, Toma Donauskait\u0117 &#8211; plakat\u0173 modeliai;<\/p>\n<p><a href=\"https:\/\/www.facebook.com\/studiokarolinaclothing?pnref=story\">Karolina Janulevi\u010di\u016bt\u0117<\/a>\u00a0&#8211; r\u016bb\u0173\u00a0stilist\u0117;<\/p>\n<p>Monika Po\u0161kut\u0117 &#8211; viza\u017eist\u0117;<\/p>\n<p><a href=\"\/\/soundcloud.com\/valdemar-bh\">DJ Valdemar<\/a>;<\/p>\n<p><a href=\"\/\/www.mixcloud.com\/nicetomytuall-myfriends\/mamai\/\">DJ nicetomeetyouall<\/a>;<\/p>\n<p><span style=\"line-height: 1.5\">\u00a0<\/span><\/p>\n<p>&nbsp;<\/p>\n","protected":false},"excerpt":{"rendered":"<p>NUO\u0160IRD\u017dIAI D\u0116KOJAME PRISID\u0116JUSIEMS: Lina Marcinonyt\u0117\u00a0&#8211; renginio vizualinis identitetas; Aurimas\u00a0\u0160apolas &#8211; identiteto\u00a0fotografija plakatams ir filmukui; Dalia Kemeklyt\u0117 &#8211; festivalio filmukas; Giedr\u0117 Kavali\u016bnait\u0117 &#8211; internetinio puslapio programavimas; Ernestas Kau\u0161ylas &#8211; filmuko garso takelis; Mykolas\u00a0Bendorius, Regina Stonyt\u0117, Toma Donauskait\u0117 &#8211; plakat\u0173 modeliai; Karolina Janulevi\u010di\u016bt\u0117\u00a0&#8211; r\u016bb\u0173\u00a0stilist\u0117; Monika Po\u0161kut\u0117 &#8211; viza\u017eist\u0117; DJ Valdemar; DJ nicetomeetyouall; \u00a0 &nbsp;<\/p>\n","protected":false},"author":1,"featured_media":0,"parent":0,"menu_order":0,"comment_status":"open","ping_status":"open","template":"contribute.php","meta":{"_acf_changed":false,"footnotes":""},"class_list":["post-14","page","type-page","status-publish","hentry"],"acf":[],"_links":{"self":[{"href":"https:\/\/www.openhousevilnius.lt\/2015\/index.php?rest_route=\/wp\/v2\/pages\/14","targetHints":{"allow":["GET"]}}],"collection":[{"href":"https:\/\/www.openhousevilnius.lt\/2015\/index.php?rest_route=\/wp\/v2\/pages"}],"about":[{"href":"https:\/\/www.openhousevilnius.lt\/2015\/index.php?rest_route=\/wp\/v2\/types\/page"}],"author":[{"embeddable":true,"href":"https:\/\/www.openhousevilnius.lt\/2015\/index.php?rest_route=\/wp\/v2\/users\/1"}],"replies":[{"embeddable":true,"href":"https:\/\/www.openhousevilnius.lt\/2015\/index.php?rest_route=%2Fwp%2Fv2%2Fcomments&post=14"}],"version-history":[{"count":14,"href":"https:\/\/www.openhousevilnius.lt\/2015\/index.php?rest_route=\/wp\/v2\/pages\/14\/revisions"}],"predecessor-version":[{"id":756,"href":"https:\/\/www.openhousevilnius.lt\/2015\/index.php?rest_route=\/wp\/v2\/pages\/14\/revisions\/756"}],"wp:attachment":[{"href":"https:\/\/www.openhousevilnius.lt\/2015\/index.php?rest_route=%2Fwp%2Fv2%2Fmedia&parent=14"}],"curies":[{"name":"wp","href":"https:\/\/api.w.org\/{rel}","templated":true}]}}