{"id":12,"date":"2015-03-16T07:53:03","date_gmt":"2015-03-16T07:53:03","guid":{"rendered":"http:\/\/www.openhousevilnius.lt\/?page_id=12"},"modified":"2015-04-25T09:38:01","modified_gmt":"2015-04-25T09:38:01","slug":"renginiai","status":"publish","type":"page","link":"https:\/\/www.openhousevilnius.lt\/2015\/?page_id=12","title":{"rendered":"Renginiai"},"content":{"rendered":"<p>\u201eOpen House Vilnius\u201d savaitgalio metu gal\u0117si ne tik aplankyti pastatus, bet ir sudalyvauti i\u0161skirtiniuose renginiuose. Nuo vaik\u0173 dirbtuvi\u0173, \u017eygio dvira\u010diais iki diskotekos ar individualios ekskursijos &#8211; renginiai Open House Vilnius pastatuose lauks tav\u0119s programoje nurodytu laiku.<\/p>\n<p>Akreipk d\u0117mes\u012f, kad dauguma ekskursij\u0173 yra BE REGISTRACIJOS, tau tereikia atvykti pastato puslapyje nurodytais laikais ir sudalyvauti savanori\u0173 ekskursijose.<\/p>\n<p>&nbsp;<\/p>\n","protected":false},"excerpt":{"rendered":"<p>\u201eOpen House Vilnius\u201d savaitgalio metu gal\u0117si ne tik aplankyti pastatus, bet ir sudalyvauti i\u0161skirtiniuose renginiuose. Nuo vaik\u0173 dirbtuvi\u0173, \u017eygio dvira\u010diais iki diskotekos ar individualios ekskursijos &#8211; renginiai Open House Vilnius pastatuose lauks tav\u0119s programoje nurodytu laiku. Akreipk d\u0117mes\u012f, kad dauguma ekskursij\u0173 yra BE REGISTRACIJOS, tau tereikia atvykti pastato puslapyje nurodytais laikais ir sudalyvauti savanori\u0173 ekskursijose. [&hellip;]<\/p>\n","protected":false},"author":1,"featured_media":0,"parent":0,"menu_order":0,"comment_status":"open","ping_status":"open","template":"events.php","meta":{"_acf_changed":false,"footnotes":""},"class_list":["post-12","page","type-page","status-publish","hentry"],"acf":[],"_links":{"self":[{"href":"https:\/\/www.openhousevilnius.lt\/2015\/index.php?rest_route=\/wp\/v2\/pages\/12","targetHints":{"allow":["GET"]}}],"collection":[{"href":"https:\/\/www.openhousevilnius.lt\/2015\/index.php?rest_route=\/wp\/v2\/pages"}],"about":[{"href":"https:\/\/www.openhousevilnius.lt\/2015\/index.php?rest_route=\/wp\/v2\/types\/page"}],"author":[{"embeddable":true,"href":"https:\/\/www.openhousevilnius.lt\/2015\/index.php?rest_route=\/wp\/v2\/users\/1"}],"replies":[{"embeddable":true,"href":"https:\/\/www.openhousevilnius.lt\/2015\/index.php?rest_route=%2Fwp%2Fv2%2Fcomments&post=12"}],"version-history":[{"count":12,"href":"https:\/\/www.openhousevilnius.lt\/2015\/index.php?rest_route=\/wp\/v2\/pages\/12\/revisions"}],"predecessor-version":[{"id":751,"href":"https:\/\/www.openhousevilnius.lt\/2015\/index.php?rest_route=\/wp\/v2\/pages\/12\/revisions\/751"}],"wp:attachment":[{"href":"https:\/\/www.openhousevilnius.lt\/2015\/index.php?rest_route=%2Fwp%2Fv2%2Fmedia&parent=12"}],"curies":[{"name":"wp","href":"https:\/\/api.w.org\/{rel}","templated":true}]}}